{"id":12786,"date":"2025-03-17T08:53:25","date_gmt":"2025-03-17T07:53:25","guid":{"rendered":"https:\/\/www.hidrotec.com\/canal-etico\/"},"modified":"2025-03-17T08:58:25","modified_gmt":"2025-03-17T07:58:25","slug":"canal-etico","status":"publish","type":"page","link":"https:\/\/www.hidrotec.com\/ca\/canal-etico\/","title":{"rendered":"Canal \u00e8tic"},"content":{"rendered":"\n<div style=\"height:100px\" aria-hidden=\"true\" class=\"wp-block-spacer\"><\/div>\n\n<p>A HIDROTEC hem habilitat un Canal \u00c8tic o Canal de Den\u00fancies com a via de comunicaci\u00f3 confidencial per informar sobre possibles incompliments de la legislaci\u00f3 vigent (inclosa la Directiva (UE) 2019\/1937) o de les nostres normes internes i codis de conducta. Aquest Canal t\u00e9 per objecte prevenir i detectar comportaments irregulars que puguin generar responsabilitats a l\u2019empresa o les persones treballadores, aix\u00ed com fomentar la transpar\u00e8ncia i les bones pr\u00e0ctiques a l\u2019organitzaci\u00f3. <\/p>\n\n<p>\u00c9s per aix\u00f2 que HIDROTEC ha implementat aquest Canal \u00c8tic o Canal de Den\u00fancies perqu\u00e8 puguin ser comunicats, de forma confidencial i an\u00f2nima, possibles incompliments de la legislaci\u00f3 vigent, Directiva UE 2019\/1937, o possibles actes contraris de les normes internes i de conducta de l\u2019empresa.<\/p>\n\n<p>Les comunicacions, que poden ser nominals o an\u00f2nimes, seran tractades amb la deguda confidencialitat i dilig\u00e8ncia, sense por de qualsevol tipus de repres\u00e0lia i respectant el tractament de dades personals segons la legislaci\u00f3 vigent, es poden reportar al correu <strong>canaletico@hidrotec.com<\/strong><\/p>\n\n<p>A HIDROTEC ens comprometem a protegir les persones denunciants davant de qualsevol repres\u00e0lia i a tractar la informaci\u00f3 amb la m\u00e0xima dilig\u00e8ncia. D\u2019aquesta manera contribuirem entre totes les parts interessades a mantenir un entorn de treball \u00edntegre i respectu\u00f3s. <\/p>\n","protected":false},"excerpt":{"rendered":"<p>A HIDROTEC hem habilitat un Canal \u00c8tic o Canal de Den\u00fancies com a via de comunicaci\u00f3 confidencial per informar sobre possibles incompliments de la legislaci\u00f3 vigent (inclosa la Directiva (UE) 2019\/1937) o de les nostres normes internes i codis de conducta. Aquest Canal t\u00e9 per objecte prevenir i detectar comportaments irregulars que puguin generar responsabilitats [&hellip;]<\/p>\n","protected":false},"author":3,"featured_media":0,"parent":0,"menu_order":1,"comment_status":"closed","ping_status":"closed","template":"","meta":{"_acf_changed":false,"inline_featured_image":false,"footnotes":""},"class_list":["post-12786","page","type-page","status-publish","hentry"],"acf":[],"_links":{"self":[{"href":"https:\/\/www.hidrotec.com\/ca\/wp-json\/wp\/v2\/pages\/12786","targetHints":{"allow":["GET"]}}],"collection":[{"href":"https:\/\/www.hidrotec.com\/ca\/wp-json\/wp\/v2\/pages"}],"about":[{"href":"https:\/\/www.hidrotec.com\/ca\/wp-json\/wp\/v2\/types\/page"}],"author":[{"embeddable":true,"href":"https:\/\/www.hidrotec.com\/ca\/wp-json\/wp\/v2\/users\/3"}],"replies":[{"embeddable":true,"href":"https:\/\/www.hidrotec.com\/ca\/wp-json\/wp\/v2\/comments?post=12786"}],"version-history":[{"count":0,"href":"https:\/\/www.hidrotec.com\/ca\/wp-json\/wp\/v2\/pages\/12786\/revisions"}],"wp:attachment":[{"href":"https:\/\/www.hidrotec.com\/ca\/wp-json\/wp\/v2\/media?parent=12786"}],"curies":[{"name":"wp","href":"https:\/\/api.w.org\/{rel}","templated":true}]}}