{"id":8725,"date":"2023-05-31T10:40:18","date_gmt":"2023-05-31T09:40:18","guid":{"rendered":"https:\/\/hidroliner.com\/contacte\/"},"modified":"2025-12-19T08:31:35","modified_gmt":"2025-12-19T07:31:35","slug":"contacte","status":"publish","type":"page","link":"https:\/\/www.hidrotec.com\/ca\/contacte\/","title":{"rendered":"Contacte"},"content":{"rendered":"\n<div class=\"wp-block-group alignfull has-primary-text-color has-secondary-gradient-background has-text-color has-background is-layout-flow wp-block-group-is-layout-flow\" style=\"padding-top:0;padding-bottom:0\">\n<div class=\"wp-block-columns alignwide are-vertically-aligned-center hi-custom-header is-layout-flex wp-block-columns-is-layout-flex\">\n<div class=\"wp-block-column is-vertically-aligned-center is-layout-flow wp-block-column-is-layout-flow\" style=\"padding-top:var(--wp--preset--spacing--65);padding-bottom:var(--wp--preset--spacing--65);flex-basis:540px\">\n<h1 class=\"wp-block-heading\">Dades de contacte<\/h1>\n\n\n\n<div class=\"wp-block-buttons is-layout-flex wp-block-buttons-is-layout-flex\">\n<div class=\"wp-block-button is-style-outline hi-btn-down hi-anchor is-style-outline--1\"><a class=\"wp-block-button__link wp-element-button\" href=\"#contacte\">Veure ubicacions<\/a><\/div>\n<\/div>\n<\/div>\n\n\n\n<div class=\"wp-block-column is-vertically-aligned-center hi-mobile-hidden is-layout-flow wp-block-column-is-layout-flow\">\n<figure class=\"wp-block-image alignright size-large has-custom-border is-style-default\"><img decoding=\"async\" width=\"404\" height=\"384\" src=\"https:\/\/www.hidrotec.com\/wp-content\/uploads\/2023\/06\/H-lineas-blancas.svg\" alt=\"\" class=\"wp-image-7409\" style=\"border-radius:0px\"\/><\/figure>\n<\/div>\n<\/div>\n<\/div>\n\n<div class=\"wp-block-columns alignwide hi-overlapping is-layout-flex wp-block-columns-is-layout-flex\" id=\"contactar\">\n<div class=\"wp-block-column has-background-background-color has-background is-layout-flow wp-block-column-is-layout-flow\" style=\"flex-basis:50%\">\n<h2 class=\"wp-block-heading\" style=\"margin-bottom:var(--wp--preset--spacing--55);font-size:clamp(25.014px, 1.563rem + ((1vw - 3.2px) * 1.625), 42px);\">Barcelona<\/h2>\n\n\n\n<p class=\"has-heading-m-font-size\" style=\"margin-bottom:var(--wp--preset--spacing--20)\"><a href=\"tel:935442344\">93 544 23 44<\/a><\/p>\n\n\n\n<p class=\"has-heading-m-font-size\" style=\"margin-bottom:var(--wp--preset--spacing--20)\"><a href=\"mailto:comercial@hidrotec.com\">comercial@hidrotec.com<\/a><\/p>\n\n\n\n<p class=\"has-heading-m-font-size\">Avinguda de Can Sucarrats 69 <br\/>08191 Pol\u00edgono Industrial Cova Solera, Rub\u00ed<\/p>\n\n\n\n<div style=\"height:20px\" aria-hidden=\"true\" class=\"wp-block-spacer\"><\/div>\n\n\n\n<p class=\"has-grey-color has-text-color has-heading-s-font-size\" style=\"margin-bottom:0\">L\u00ednia durg\u00e8ncia<\/p>\n\n\n\n<p style=\"font-size:clamp(24.034px, 1.502rem + ((1vw - 3.2px) * 1.528), 40px);\"><strong><a href=\"tel:619102683\">619 102 683<\/a><\/strong><\/p>\n<\/div>\n\n\n\n<div class=\"wp-block-column has-background-background-color has-background is-layout-flow wp-block-column-is-layout-flow\" style=\"flex-basis:50%\">\n<h2 class=\"wp-block-heading\" style=\"margin-bottom:var(--wp--preset--spacing--55);font-size:clamp(25.014px, 1.563rem + ((1vw - 3.2px) * 1.625), 42px);\">Madrid<\/h2>\n\n\n\n<p class=\"has-heading-m-font-size\" style=\"margin-bottom:var(--wp--preset--spacing--20)\"><a href=\"tel:915442344\">91 544 23 44<\/a><\/p>\n\n\n\n<p class=\"has-heading-m-font-size\" style=\"margin-bottom:var(--wp--preset--spacing--20)\"><a href=\"mailto:ventas@hidrotec.com\">ventas@hidrotec.com<\/a><\/p>\n\n\n\n<p class=\"has-heading-m-font-size\">Avenida de la Industria, 38 \u2013 17B <br\/> 28823 Coslada<\/p>\n\n\n\n<div style=\"height:20px\" aria-hidden=\"true\" class=\"wp-block-spacer\"><\/div>\n\n\n\n<p class=\"has-grey-color has-text-color has-heading-s-font-size\" style=\"margin-bottom:0\">L\u00ednia durg\u00e8ncia<\/p>\n\n\n\n<p style=\"font-size:clamp(24.034px, 1.502rem + ((1vw - 3.2px) * 1.528), 40px);\"><strong><a href=\"tel:619102682\">619 102 682<\/a><\/strong><\/p>\n<\/div>\n<\/div>\n\n<div class=\"wp-block-columns alignwide is-layout-flex wp-block-columns-is-layout-flex\">\n<div class=\"wp-block-column is-layout-flow wp-block-column-is-layout-flow\">\n<div class=\"wp-block-columns hi-justify-center is-layout-flex wp-block-columns-is-layout-flex\">\n<div class=\"wp-block-column is-layout-flow wp-block-column-is-layout-flow\" style=\"flex-basis:418px\">\n<h2 class=\"wp-block-heading has-text-align-left hi-h1\">Contacta amb nosaltres<\/h2>\n\n\n\n<h3 class=\"wp-block-heading has-text-align-left hi-h6\">El nostre equip est\u00e0 disponible 24\/7 per respondre totes les vostres consultes.<\/h3>\n<\/div>\n<\/div>\n<\/div>\n\n\n\n<div class=\"wp-block-column is-layout-flow wp-block-column-is-layout-flow\">\n<div class=\"wp-block-contact-form-7-contact-form-selector\">\n<div class=\"wpcf7 no-js\" id=\"wpcf7-f8728-o1\" lang=\"ca\" dir=\"ltr\" data-wpcf7-id=\"8728\">\n<div class=\"screen-reader-response\"><p role=\"status\" aria-live=\"polite\" aria-atomic=\"true\"><\/p> <ul><\/ul><\/div>\n<form action=\"\/ca\/wp-json\/wp\/v2\/pages\/8725#wpcf7-f8728-o1\" method=\"post\" class=\"wpcf7-form init\" aria-label=\"Formulari de contacte\" novalidate=\"novalidate\" data-status=\"init\">\n<fieldset class=\"hidden-fields-container\"><input type=\"hidden\" name=\"_wpcf7\" value=\"8728\" \/><input type=\"hidden\" name=\"_wpcf7_version\" value=\"6.1.5\" \/><input type=\"hidden\" name=\"_wpcf7_locale\" value=\"ca\" \/><input type=\"hidden\" name=\"_wpcf7_unit_tag\" value=\"wpcf7-f8728-o1\" \/><input type=\"hidden\" name=\"_wpcf7_container_post\" value=\"0\" \/><input type=\"hidden\" name=\"_wpcf7_posted_data_hash\" value=\"\" \/>\n<\/fieldset>\n<p><span class=\"wpcf7-form-control-wrap\" data-name=\"your-name\"><input size=\"40\" maxlength=\"400\" class=\"wpcf7-form-control wpcf7-text wpcf7-validates-as-required\" aria-required=\"true\" aria-invalid=\"false\" placeholder=\"Nom\" value=\"\" type=\"text\" name=\"your-name\" \/><\/span><br \/>\n<span class=\"wpcf7-form-control-wrap\" data-name=\"your-email\"><input size=\"40\" maxlength=\"400\" class=\"wpcf7-form-control wpcf7-email wpcf7-validates-as-required wpcf7-text wpcf7-validates-as-email\" aria-required=\"true\" aria-invalid=\"false\" placeholder=\"Email\" value=\"\" type=\"email\" name=\"your-email\" \/><\/span><br \/>\n<span class=\"wpcf7-form-control-wrap\" data-name=\"your-phone\"><input size=\"40\" maxlength=\"400\" class=\"wpcf7-form-control wpcf7-tel wpcf7-validates-as-required wpcf7-text wpcf7-validates-as-tel\" aria-required=\"true\" aria-invalid=\"false\" placeholder=\"Tel\u00e8fon\" value=\"\" type=\"tel\" name=\"your-phone\" \/><\/span><br \/>\n<span class=\"wpcf7-form-control-wrap\" data-name=\"your-location\"><input size=\"40\" maxlength=\"400\" class=\"wpcf7-form-control wpcf7-text wpcf7-validates-as-required\" aria-required=\"true\" aria-invalid=\"false\" placeholder=\"Localitat\" value=\"\" type=\"text\" name=\"your-location\" \/><\/span><br \/>\n<span class=\"wpcf7-form-control-wrap\" data-name=\"your-message\"><textarea cols=\"40\" rows=\"10\" maxlength=\"2000\" class=\"wpcf7-form-control wpcf7-textarea wpcf7-validates-as-required\" aria-required=\"true\" aria-invalid=\"false\" placeholder=\"Missatge\" name=\"your-message\"><\/textarea><\/span>\n<\/p>\n<p><span class=\"wpcf7-form-control-wrap\" data-name=\"your-acceptance\"><span class=\"wpcf7-form-control wpcf7-acceptance\"><span class=\"wpcf7-list-item\"><label><input type=\"checkbox\" name=\"your-acceptance\" value=\"1\" aria-invalid=\"false\" \/><span class=\"wpcf7-list-item-label\">He llegit i accepto les condicions contingudes a la <a href=\"\/politica-de-privacidad\/\">Pol\u00edtica de Privadesa<\/a>.<\/span><\/label><\/span><\/span><\/span>\n<\/p>\n<p class=\"hi-text-small\">HIDROTEC SANEJAMENT, S.L. com a responsable del tractament tractar\u00e0 les teves dades amb la finalitat de donar resposta a la teva consulta o petici\u00f3. La base leg\u00edtima \u00e9s el teu consentiment que pots revocar en qualsevol moment comunicant-ho a info@hidrotec.com. No cedirem dades a tercers excepte obligaci\u00f3 legal. Pots accedir, rectificar i suprimir les teves dades, aix\u00ed com exercir altres drets consultant la informaci\u00f3 addicional i detallada sobre protecci\u00f3 de dades a la nostra Pol\u00edtica de Privadesa.\n<\/p>\n<p><input class=\"wpcf7-form-control wpcf7-submit has-spinner\" type=\"submit\" value=\"Enviar\" \/>\n<\/p><p style=\"display: none !important;\" class=\"akismet-fields-container\" data-prefix=\"_wpcf7_ak_\"><label>\u0394<textarea name=\"_wpcf7_ak_hp_textarea\" cols=\"45\" rows=\"8\" maxlength=\"100\"><\/textarea><\/label><input type=\"hidden\" id=\"ak_js_1\" name=\"_wpcf7_ak_js\" value=\"41\"\/><script>document.getElementById( \"ak_js_1\" ).setAttribute( \"value\", ( new Date() ).getTime() );<\/script><\/p><div class=\"wpcf7-response-output\" aria-hidden=\"true\"><\/div>\n<\/form>\n<\/div>\n<\/div>\n<\/div>\n<\/div>\n","protected":false},"excerpt":{"rendered":"<p>Dades de contacte Barcelona 93 544 23 44 comercial@hidrotec.com Avinguda de Can Sucarrats 69 08191 Pol\u00edgono Industrial Cova Solera, Rub\u00ed L\u00ednia durg\u00e8ncia 619 102 683 Madrid 91 544 23 44 ventas@hidrotec.com Avenida de la Industria, 38 \u2013 17B 28823 Coslada L\u00ednia durg\u00e8ncia 619 102 682 Contacta amb nosaltres El nostre equip est\u00e0 disponible 24\/7 per [&hellip;]<\/p>\n","protected":false},"author":1,"featured_media":0,"parent":0,"menu_order":23,"comment_status":"closed","ping_status":"closed","template":"templates\/page-full-no-header.php","meta":{"_acf_changed":false,"inline_featured_image":false,"footnotes":""},"class_list":["post-8725","page","type-page","status-publish","hentry"],"acf":[],"_links":{"self":[{"href":"https:\/\/www.hidrotec.com\/ca\/wp-json\/wp\/v2\/pages\/8725","targetHints":{"allow":["GET"]}}],"collection":[{"href":"https:\/\/www.hidrotec.com\/ca\/wp-json\/wp\/v2\/pages"}],"about":[{"href":"https:\/\/www.hidrotec.com\/ca\/wp-json\/wp\/v2\/types\/page"}],"author":[{"embeddable":true,"href":"https:\/\/www.hidrotec.com\/ca\/wp-json\/wp\/v2\/users\/1"}],"replies":[{"embeddable":true,"href":"https:\/\/www.hidrotec.com\/ca\/wp-json\/wp\/v2\/comments?post=8725"}],"version-history":[{"count":1,"href":"https:\/\/www.hidrotec.com\/ca\/wp-json\/wp\/v2\/pages\/8725\/revisions"}],"predecessor-version":[{"id":13187,"href":"https:\/\/www.hidrotec.com\/ca\/wp-json\/wp\/v2\/pages\/8725\/revisions\/13187"}],"wp:attachment":[{"href":"https:\/\/www.hidrotec.com\/ca\/wp-json\/wp\/v2\/media?parent=8725"}],"curies":[{"name":"wp","href":"https:\/\/api.w.org\/{rel}","templated":true}]}}