{"id":8739,"date":"2023-05-31T10:40:58","date_gmt":"2023-05-31T09:40:58","guid":{"rendered":"https:\/\/hidroliner.com\/politica-de-cookies\/"},"modified":"2026-04-05T16:15:12","modified_gmt":"2026-04-05T15:15:12","slug":"politica-de-cookies","status":"publish","type":"page","link":"https:\/\/www.hidrotec.com\/ca\/politica-de-cookies\/","title":{"rendered":"Pol\u00edtica de Cookies"},"content":{"rendered":"\n<p><\/p>\n\n<p>A causa de l\u2019entrada en vigor de la referent modificaci\u00f3 de la \u201cLlei de Serveis de la Societat de la Informaci\u00f3\u201d (LSSICE) establerta pel Reial Decret 13\/2012, \u00e9s d\u2019obligaci\u00f3 obtenir el consentiment expr\u00e9s de l\u2019usuari de totes les p\u00e0gines web que usen galetes prescindibles, abans que aquest hi navegui.<\/p>\n\n<h2 class=\"wp-block-heading\">QU\u00c8 S\u00d3N LES <em>COOKIES<\/em>?<\/h2>\n\n<p>Les cookies i altres tecnologies similars com ara local shared objects, flash cookies o p\u00edxels, s\u00f3n eines emprades pels servidors web per emmagatzemar i recuperar informaci\u00f3 sobre els seus visitants, aix\u00ed com per oferir un correcte funcionament del lloc.<br\/>Mitjan\u00e7ant l\u00fas daquests dispositius es permet al servidor web recordar algunes dades concernents a lusuari, com les seves prefer\u00e8ncies per a la visualitzaci\u00f3 de les p\u00e0gines daquest servidor, nom i contrasenya, productes que m\u00e9s li interessen, etc.<\/p>\n\n<h2 class=\"wp-block-heading\"><em>COOKIES<\/em> AFECTADES PER LA NORMATIVA I <em>COOKIES<\/em> EXEMPTES<\/h2>\n\n<p>Segons la directiva de la UE, les galetes que requereixen el consentiment informat per part de l\u2019usuari s\u00f3n les galetes d\u2019anal\u00edtica i les de publicitat i afiliaci\u00f3, i queden exceptuades les de car\u00e0cter t\u00e8cnic i les necess\u00e0ries per al funcionament del lloc web o la prestaci\u00f3 de serveis expressament sol\u00b7licitats per l\u2019usuari.<\/p>\n\n<h2 class=\"wp-block-heading\">QUIN TIPUS DE <em>COOKIES<\/em> HI HAN?<\/h2>\n\n<p>Sobre els tipus de galetes, hi ha cinc grans grups:<\/p>\n\n<ul class=\"wp-block-list\">\n<li><em>Cookies <\/em>anal\u00edtiques: recullen informaci\u00f3 de l\u2019\u00fas que es realitza del lloc web.<\/li>\n\n\n\n<li><em>Cookies <\/em>socials: s\u00f3n aquelles necess\u00e0ries per a xarxes socials externes.<\/li>\n\n\n\n<li> <em>Cookies <\/em>d\u2019afiliats: permeten fer un seguiment de les visites procedents d\u2019altres webs, amb les que el lloc web estableix un contracte d\u2018afiliaci\u00f3 (empreses d\u2019afiliaci\u00f3).<\/li>\n\n\n\n<li><em>Cookies <\/em>de publicitat i comportament: recullen informaci\u00f3 sobre les prefer\u00e8ncies i eleccions personals de l\u2019usuari (<em>retargeting<\/em>).<\/li>\n\n\n\n<li><em>Cookies <\/em>t\u00e8cniques i funcionals: s\u00f3n les estrictament necess\u00e0ries per a l\u2019\u00fas del lloc web i per a la prestaci\u00f3 del servei contractat.<\/li>\n<\/ul>\n\n<h2 class=\"wp-block-heading\"><em>COOKIES <\/em>QUE UTILITZEM EN EL NOSTRE ESPAI WEB<\/h2>\n\n<div class=\"cky-audit-table-element\"><\/div>\n\n<p><strong>Google Analytics<\/strong><\/p>\n\n<p>El Portal web d\u2019HIDROTEC SANEJAMENT S.L. utilitza Google Analytics, un servei anal\u00edtic de web prestat per Google, Inc., que permet la medici\u00f3 y l\u2019an\u00e0lisi de la navegaci\u00f3 en les p\u00e0gines web. Segons la tipologia anterior es tracten de Cookies de an\u00e0lisi.<\/p>\n\n<p>Google Inc. \u00e9s una companyia de Delaware que t\u00e9 l\u2019oficina principal en la direcci\u00f3 1600 Amphitheatre Parkway, Mountain View (California), CA 94043, Estats Units (\u201cGoogle\u201d).<\/p>\n\n<p>HIDROTEC SANEJAMENT S.L. utilitza les cookies de Google Analytics, que s\u00f3n fitxers de text que s\u2019ubiquen en el seu ordinador com usuari d\u2019aquest Portal web, perqu\u00e8 li permeten i ajuden a analitzar l\u2019\u00fas que els usuaris fan del seu portal web.<\/p>\n\n<p>HIDROTEC SANEJAMENT S.L. a trav\u00e9s de l\u2019anal\u00edtica web de Google Analytics obt\u00e9 informaci\u00f3 relativa al N\u00famero d\u2019usuaris que accedeixen a la Web, a les p\u00e0gines visitades, la freq\u00fcencia i repetici\u00f3 de les visites, la duraci\u00f3 de les visites, el navegador utilitzat, l\u2019operador que presta el servei, el terminal que utilitza, o la ciutat en la que est\u00e0 asignada la seva direcci\u00f3 IP. Informaci\u00f3 que possibilita un millor i m\u00e9s apropiat servei per part d\u2019aquest lloc web. La informaci\u00f3 que genera la Cookie sobre l\u2019\u00fas del lloc web (incloent la seva direcci\u00f3 IP) ser\u00e0 directament enviada i arxivada per Google en els servidors dels Estats Units.<\/p>\n\n<p>En el seu navegador podr\u00e0 observar les seg\u00fcents Cookies del servei de Google Analytics utilitzades per HIDROTEC SANEJAMENT S.L., denominades:<\/p>\n\n<p>\u201c_utma\u201d: Cookie persistent que permet fer un seguiment de l\u2019activitat realitzada al Portal web de HIDROTEC SANEJAMENT SL pels Usuaris.<br\/>\u201c_utmb\u201d: Cookie persistent que recopila informaci\u00f3 de registre est\u00e0ndard i dades sobre els h\u00e0bits dels Usuaris del Portal Web de HIDROTEC SANEJAMENT SL de forma an\u00f2nima.<br\/>\u201c_utmc\u201d: Cookie de sessi\u00f3 que desapareixer\u00e0 de l\u2019equip de l\u2019usuari quan l\u2019usuari posi fi a la sessi\u00f3 al Portal web de HIDROTEC SANEJAMENT SL.<br\/>\u201c_utmz\u201d: Cookie persistent amb venciment als 6 mesos des del seu acc\u00e9s al Portal web de HIDROTEC SANEJAMENT SL.<br\/>\u201c_utmv\u201d<br\/>\u201c_ga\u201d<br\/>\u201c_utmt\u201d<br\/>\u201c_gat\u201d<br\/>\u201cCookieUser\u201d<\/p>\n\n<p>Google utilitzar\u00e0 aquesta informaci\u00f3 per compte d\u2019HIDROTEC SANEJAMENT S.L. amb el prop\u00f2sit de seguir la pista de l\u2019\u00fas del Portal web d\u2019HIDROTEC SANEJAMENT S.L., recopilant informes de l\u2019activitat del Portal web i prestant altres serveis relacionats amb l\u2019activitat del Portal web i l\u2019\u00fas d\u2019Internet.<\/p>\n\n<p>HIDROTEC SANEJAMENT SL i Google nom\u00e9s podran transmetre aquesta informaci\u00f3 a tercers quan aix\u00ed ho requereixi la legislaci\u00f3, o quan aquests tercers processin la informaci\u00f3 per compte de Google.<\/p>\n\n<p>Ni HIDROTEC SANEJAMENT SL ni Google associaran la seva direcci\u00f3 IP amb cap altre dada de que disponguin.<\/p>\n\n<p>Si voleu obtenir m\u00e9s informaci\u00f3 sobre les Cookies de Google Analytics podeu consultar el seg\u00fcent enlla\u00e7:<br\/><a href=\"https:\/\/developers.google.com\/analytics\/devguides\/collection\/analyticsjs\/cookie-usage\" target=\"_blank\" rel=\"noopener\">https:\/\/developers.google.com\/analytics\/devguides\/collection\/analyticsjs\/cookie-usage<\/a><\/p>\n\n<p><strong>Cookies publicit\u00e0ries de Google<\/strong><\/p>\n\n<p>A l\u2019accedir a aquest Portal web es decarreguen cookies associades al domini \u201cgoogle.com\u201d (NID), \u201cGoogle.es\u201d (NID i PREF) i \u201cGoogleadservices.com\u201d o \u201cgooglle.com\/ads\u201d. Aquestes cookies se descarreguen degut a que estan vinculades a alguns productes i serveis de google utilitzats per aquest portal web.<\/p>\n\n<p>En efecte el propi Google en una de les seves p\u00e0gines informa que utilitza aquestes cookies publicit\u00e0ries \u201cper poder personalitzar els anuncis que es mostren en els seus serveis com, per exemple, la Recerca de Google.(\u2026) Google tamb\u00e9 utilitza v\u00e0ries cookies de conversi\u00f3 amb la finalitat principal d\u2019 ajudar als anunciants a determinar el n\u00famero de vegades que les persones que fan click en els seus anuncis terminen comprant els seus productes. Aquestes cookies permeten a Google i a l\u2019anunciant determinar que has fet click en l\u2019 anunci i que has accedit posteriorment al lloc web de l\u2019anunciant. En canvi, les cookies de conversi\u00f3 nom\u00e9s duren un per\u00edode de temps limitatat i Google no les utilitza per a la segmentaci\u00f3 d\u2019anuncis per interessos. Normalment, aquestes cookies s\u2019habiliten en els dominis \u201cgoogleadservices.com\u201d o \u201cgoogle.com\/ads\u201d i es denominen \u201cConversion\u201d i \u201cTAID\u201d. Les dades de les cookies de conversi\u00f3 tamb\u00e9 es poden utilitzar conjuntament amb la teva compte de Google per a vincular esdeveniments de conversi\u00f3 en diferents dispositius que utilitzis. Nom\u00e9s es comparteixen amb els anunciants les dades an\u00f2nimes recopilades a trav\u00e9s d\u2019aquestes cookies.<\/p>\n\n<p><strong>Cookies publicit\u00e0ries de youtube.com<\/strong><\/p>\n\n<p>En cas de fer click al bot\u00f3 d\u2019acceptar la pol\u00edtica de cookies i despr\u00e9s de realitzar una navegaci\u00f3 per aquest Portal web, tamb\u00e9 es descarreguen cookies publicit\u00e0ries de tercers sota el domini de youtube.com.<\/p>\n\n<p><strong>Cookies de Facebook<\/strong><\/p>\n\n<p>En cas que l\u2019Usuari accedeixi al Facebook de l\u2019Empresa, despr\u00e9s de navegar tamb\u00e9 es descarregueran cookies de tercers (de Facebook).<\/p>\n\n<p>Per obtenir m\u00e9s informaci\u00f3 sobre les cookies de Facebook podeu consultar el seg\u00fcent link <a href=\"https:\/\/es-es.facebook.com\/help\/cookies\/\" target=\"_blank\" rel=\"noopener\">https:\/\/es-es.facebook.com\/help\/cookies\/<\/a><br\/>Galetes de Mailchimp<\/p>\n\n<p>HIDROTEC SANEJAMENT SL utilitza l\u2019aplicaci\u00f3 MailChimp per enviar comunicacione, boletins, newsletters, campanyes promocionals i comunicacions diverses. L\u2019aplicaci\u00f3 MaiChimp ha sigut desenvolupada i es titularitat de The Rocker Science Group, que utilitza aquestes cookies per millorar els seus propis serveis d\u2019Email marketing i per a prestar Serveis a altres empreses.<\/p>\n\n<p>Si lo desitja pot obtenir m\u00e9s informaci\u00f3 sobre les cookies de MaiChimp consultant els seg\u00fcents links <a href=\"https:\/\/mailchimp.com\/\" target=\"_blank\" rel=\"noopener\">https:\/\/mailchimp.com<\/a> y <a href=\"https:\/\/mailchimp.com\/legal\/privacy\" target=\"_blank\" rel=\"noopener\">https:\/\/mailchimp.com\/legal\/privacy<\/a><\/p>\n\n<h2 class=\"wp-block-heading\">REVOCACI\u00d3 DEL CONSENTIMENT PER INSTAL\u00b7LAR COOKIES <\/h2>\n\n<h3 class=\"wp-block-heading\">COM ELIMINAR LES COOKIES DEL NAVEGADOR<\/h3>\n\n<p>Chrome<br\/>1. Seleccioneu la icona d\u2019Eines<br\/>2. Fes clic a Configuraci\u00f3.<br\/>3. Feu clic a Mostra Opcions Avan\u00e7ades.<br\/>4. A la secci\u00f3 \u201cPrivadesa\u201d fes clic a Configuraci\u00f3 de contingut.<br\/>\u2022 Eliminar cookies: Fes clic a Totes les cookies i les dades de llocs\u2026<br\/>\u2022 No permeteu que s\u2019emmagatzemin cookies.<br\/>5. Feu clic a Suprimeix les dades de navegaci\u00f3 (buida la mem\u00f2ria cau).<br\/>6. Tanca i reinicia el navegador.<\/p>\n\n<p>Per a m\u00e9s informaci\u00f3 sobre Chrome premi aqu\u00ed: <a href=\"http:\/\/support.google.com\/chrome\/answer\/95647?hl=es\" target=\"_blank\" rel=\"noopener\">http:\/\/support.google.com\/chrome\/answer\/95647?hl=es<\/a><\/p>\n\n<p><strong>Internet Explorer. Versi\u00f3 11<\/strong><br\/>1. Selecciona Eines | Opcions dInternet.<br\/>2. Fes clic a la pestanya General.<br\/>3. A la secci\u00f3 \u201cHistorial d\u2019exploraci\u00f3\u201d, feu clic a Suprimeix l\u2019historial d\u2019exploraci\u00f3 en sortir.<br\/>4. Seleccionar Eliminar fitxers.<br\/>5. Seleccionar Eliminar cookies.<br\/>6. Fes clic a Suprimeix.<br\/>7. Fes clic a D\u2019acord.<br\/>8. Tanca i reinicia el navegador.<\/p>\n\n<p>Per a m\u00e9s informaci\u00f3 sobre Internet Explorer premi aqu\u00ed: <a href=\"http:\/\/windows.microsoft.com\/es-419\/windows7\/how-to-manage-cookies-in-internet-explorer-9\" target=\"_blank\" rel=\"noopener\">http:\/\/windows.microsoft.com\/es-419\/windows7\/how-to-manage-cookies-in-internet-explorer-9<\/a><\/p>\n\n<p><strong>Firefox. Versi\u00f3 18<\/strong><br\/>1. Seleccioneu Firefox | Historial | Netejar l\u2019historial recent.<br\/>2. Al costat de \u201cDetalls\u201d, feu clic a la fletxa cap avall.<br\/>3. Selecciona les caselles de verificaci\u00f3 seg\u00fcents: Cookies, Cach\u00e9, Inicis de sessi\u00f3 actius<br\/>4. Usant el \u201cInterval de temps per esborrar\u201d al men\u00fa desplegable, seleccioneu Tot.<br\/>5. Feu clic a Suprimeix ara.<br\/>6. Tanca i reinicia el navegador.<\/p>\n\n<p>Pot acceptar o rebutjar les galetes individualment en les Prefer\u00e8ncies de Firefox, a la secci\u00f3 Historial disponible a Eines> Opcions> Privadesa.<\/p>\n\n<p>Per a m\u00e9s informaci\u00f3 sobre Mozilla Firefox premi aqu\u00ed: <a href=\"https:\/\/www.mozilla.org\/es-ES\/privacy\/websites\/#cookies\" target=\"_blank\" rel=\"noopener\">https:\/\/www.mozilla.org\/es-ES\/privacy\/websites\/#cookies<\/a><\/p>\n\n<p>Safari Versi\u00f3 5.1<br\/>1. Seleccioneu la icona de Safari \/ Edita | Restaurar Safari.<br\/>2. Selecciona les caselles de verificaci\u00f3 seg\u00fcents: Esborrar l\u2019historial, Eliminar totes les dades de lloc web<br\/>3. Fes clic a Restablir.<br\/>4. Tanca i reinicia el navegador.<\/p>\n\n<p>Per a m\u00e9s informaci\u00f3 sobre Safari premi aqu\u00ed: <a href=\"http:\/\/support.apple.com\/kb\/PH5042\" target=\"_blank\" rel=\"noopener\">http:\/\/support.apple.com\/kb\/PH5042<\/a><\/p>\n\n<p>Opera<br\/>Opcions \u2013 Avan\u00e7at \u2013 Cookies.<br\/>Les opcions de galetes controlen la manera com Opera els maneja i, per tant, la seva acceptaci\u00f3 o rebuig.<\/p>\n\n<p>Per a m\u00e9s informaci\u00f3 sobre \u00d2pera premi aqu\u00ed: <a href=\"http:\/\/help.opera.com\/Linux\/10.60\/es-ES\/cookies.html\" target=\"_blank\" rel=\"noopener\">http:\/\/help.opera.com\/Linux\/10.60\/es-ES\/cookies.html<\/a><\/p>\n\n<p>Altres navegadors<br\/>Consulteu la documentaci\u00f3 del navegador que tingueu instal\u00b7lat.<\/p>\n","protected":false},"excerpt":{"rendered":"<p>A causa de l\u2019entrada en vigor de la referent modificaci\u00f3 de la \u201cLlei de Serveis de la Societat de la Informaci\u00f3\u201d (LSSICE) establerta pel Reial Decret 13\/2012, \u00e9s d\u2019obligaci\u00f3 obtenir el consentiment expr\u00e9s de l\u2019usuari de totes les p\u00e0gines web que usen galetes prescindibles, abans que aquest hi navegui. QU\u00c8 S\u00d3N LES COOKIES? Les cookies [&hellip;]<\/p>\n","protected":false},"author":1,"featured_media":0,"parent":0,"menu_order":29,"comment_status":"closed","ping_status":"closed","template":"","meta":{"_acf_changed":false,"inline_featured_image":false,"footnotes":""},"class_list":["post-8739","page","type-page","status-publish","hentry"],"acf":[],"_links":{"self":[{"href":"https:\/\/www.hidrotec.com\/ca\/wp-json\/wp\/v2\/pages\/8739","targetHints":{"allow":["GET"]}}],"collection":[{"href":"https:\/\/www.hidrotec.com\/ca\/wp-json\/wp\/v2\/pages"}],"about":[{"href":"https:\/\/www.hidrotec.com\/ca\/wp-json\/wp\/v2\/types\/page"}],"author":[{"embeddable":true,"href":"https:\/\/www.hidrotec.com\/ca\/wp-json\/wp\/v2\/users\/1"}],"replies":[{"embeddable":true,"href":"https:\/\/www.hidrotec.com\/ca\/wp-json\/wp\/v2\/comments?post=8739"}],"version-history":[{"count":2,"href":"https:\/\/www.hidrotec.com\/ca\/wp-json\/wp\/v2\/pages\/8739\/revisions"}],"predecessor-version":[{"id":13297,"href":"https:\/\/www.hidrotec.com\/ca\/wp-json\/wp\/v2\/pages\/8739\/revisions\/13297"}],"wp:attachment":[{"href":"https:\/\/www.hidrotec.com\/ca\/wp-json\/wp\/v2\/media?parent=8739"}],"curies":[{"name":"wp","href":"https:\/\/api.w.org\/{rel}","templated":true}]}}