{"id":8743,"date":"2023-05-31T10:41:12","date_gmt":"2023-05-31T09:41:12","guid":{"rendered":"https:\/\/hidroliner.com\/politica-empresa\/"},"modified":"2024-07-09T11:45:44","modified_gmt":"2024-07-09T10:45:44","slug":"politica-empresa","status":"publish","type":"page","link":"https:\/\/www.hidrotec.com\/ca\/politica-empresa\/","title":{"rendered":"Pol\u00edtica d\u2019empresa"},"content":{"rendered":"\n<p><strong>HIDROTEC\u00ae<\/strong>, empresa especialitzada en la prestaci\u00f3 de serveis integrals en l\u2019\u00e0mbit de la xarxa de sanejament industrial, urb\u00e0 i particular, des de la seva constituci\u00f3, ha ofert sempre com a argument prioritari en la seva oferta la satisfacci\u00f3 dels seus clients, executant les seves intervencions amb el comprom\u00eds de respecte pel medi ambient, la seguretat i la salut dels seus treballadors i d\u2019oferir la m\u00e0xima qualitat possible, gr\u00e0cies a la utilitzaci\u00f3 dels equips tecnol\u00f2gicament m\u00e9s avan\u00e7ats del mercat aix\u00ed com a l\u2019aplicaci\u00f3 de sistemes i procediments eficients i innovadors.<\/p>\n\n<p>L\u2019objectiu de la Pol\u00edtica de Qualitat, Medi Ambient i Seguretat i Salut en el Treball de <strong>HIDROTEC\u00ae<\/strong> \u00e9s consolidar aquesta realitat, sota el comprom\u00eds del compliment dels requisits legals i la millora cont\u00ednua dels nostres processos, optimitzant sempre el servei i l\u2019atenci\u00f3 als requeriments dels nostres clients. Aquesta pol\u00edtica proporciona un marc de refer\u00e8ncia per a establir i revisar els objectius anuals de qualitat, medi ambient i seguretat i salut en el treball de la nostra organitzaci\u00f3.<\/p>\n\n<p>Els clients de <strong>HIDROTEC\u00ae<\/strong>, en triar-nos, poden estar segurs de trobar una fiabilitat de resposta des del primer contacte fins a la finalitzaci\u00f3 del proc\u00e9s.<\/p>\n\n<p>Per a arribar a aquesta fiabilitat, l\u2019empresa, defineix com a prioritaris els seg\u00fcents compromisos:<\/p>\n\n<ol class=\"wp-block-list\">\n<li><strong>Consolidar la nostra pres\u00e8ncia en el mercat.<\/strong><\/li>\n\n\n\n<li><strong>Introduir els mitjans t\u00e8cnics apropiats per a incrementar la nostra capacitat de servei.<\/strong><\/li>\n\n\n\n<li><strong>Mantenir la formaci\u00f3 continuada del personal com a via indispensable per a mantenir i incrementar la nostra competitivitat.<\/strong><\/li>\n\n\n\n<li><strong>Optimitzar els costos derivats de cadascun dels nostres processos per a augmentar la nostra rendibilitat i efic\u00e0cia.<\/strong><\/li>\n\n\n\n<li><strong>Proporcionar condicions de treball segures i saludables per a la prevenci\u00f3 de lesions i deterioraci\u00f3 de la salut.<\/strong><\/li>\n\n\n\n<li><strong>Complir els requisits legals i altres requisits aplicables a la nostra activitat, tant a nivell administratiu, mediambiental i laboral.<\/strong><\/li>\n\n\n\n<li><strong>Eliminar els perills i reduir els riscos relacionats amb la seguretat i salut en el treball.<\/strong><\/li>\n\n\n\n<li><strong>Garantir la consulta i participaci\u00f3 dels treballadors i els seus representants en el desenvolupament, la planificaci\u00f3, la implementaci\u00f3, l\u2019avaluaci\u00f3 de l\u2019acompliment i les accions per a la millora del sistema de gesti\u00f3 de la seguretat i salut en el treball.<\/strong><\/li>\n\n\n\n<li><strong>Minimitzar l\u2019impacte sobre el medi ambient dels nostres processos, prevenint la contaminaci\u00f3 mediambiental i controlant el consum de recursos naturals, especialment aigua i combustibles f\u00f2ssils.<\/strong><\/li>\n\n\n\n<li><strong>Analitzar els processos i el sistema de gesti\u00f3 de manera continuada i amb refer\u00e8ncia a indicadors, aplicant conceptes i eines basades en la millora cont\u00ednua.<\/strong><\/li>\n\n\n\n<li><strong>Millorar cont\u00ednuament el sistema de gesti\u00f3 de la qualitat, el medi ambient i la seguretat i salut en el treball.<\/strong><\/li>\n<\/ol>\n\n<p>Aquesta pol\u00edtica \u00e9s comunicada a tot el personal de <strong>HIDROTEC\u00ae<\/strong> mitjan\u00e7ant seminaris interns i la seva difusi\u00f3 permanent en el tauler d\u2019anuncis. Igualment \u00e9s lliurada a les persones de nova incorporaci\u00f3. En les revisions per la direcci\u00f3 es revisa anualment el seu contingut per a garantir la seva cont\u00ednua adequaci\u00f3.<\/p>\n\n<p>El Sistema de Gesti\u00f3 Integrat, basat en la norma ISO 9001, ISO14001 i ISO 45001, ha estat desenvolupat sota la meva direcci\u00f3 i compta amb el meu total suport.<\/p>\n\n<p>Encara que la coordinaci\u00f3 i execuci\u00f3 de les accions necess\u00e0ries per a l\u2019assegurament de la Qualitat i la Seguretat i Salut en el Treball amb la m\u00e0xima la protecci\u00f3 del medi ambient es delegui en el seu responsable, la responsabilitat \u00faltima d\u2019obtenir-la recau en mi, per la qual cosa garanteixo els mitjans humans, t\u00e8cnics i econ\u00f2mics necessaris per a aconseguir-los.<\/p>\n\n<p>5 de Mayo de 2020<\/p>\n","protected":false},"excerpt":{"rendered":"<p>HIDROTEC\u00ae, empresa especialitzada en la prestaci\u00f3 de serveis integrals en l\u2019\u00e0mbit de la xarxa de sanejament industrial, urb\u00e0 i particular, des de la seva constituci\u00f3, ha ofert sempre com a argument prioritari en la seva oferta la satisfacci\u00f3 dels seus clients, executant les seves intervencions amb el comprom\u00eds de respecte pel medi ambient, la seguretat [&hellip;]<\/p>\n","protected":false},"author":1,"featured_media":0,"parent":0,"menu_order":31,"comment_status":"closed","ping_status":"closed","template":"","meta":{"_acf_changed":false,"inline_featured_image":false,"footnotes":""},"class_list":["post-8743","page","type-page","status-publish","hentry"],"acf":[],"_links":{"self":[{"href":"https:\/\/www.hidrotec.com\/ca\/wp-json\/wp\/v2\/pages\/8743","targetHints":{"allow":["GET"]}}],"collection":[{"href":"https:\/\/www.hidrotec.com\/ca\/wp-json\/wp\/v2\/pages"}],"about":[{"href":"https:\/\/www.hidrotec.com\/ca\/wp-json\/wp\/v2\/types\/page"}],"author":[{"embeddable":true,"href":"https:\/\/www.hidrotec.com\/ca\/wp-json\/wp\/v2\/users\/1"}],"replies":[{"embeddable":true,"href":"https:\/\/www.hidrotec.com\/ca\/wp-json\/wp\/v2\/comments?post=8743"}],"version-history":[{"count":0,"href":"https:\/\/www.hidrotec.com\/ca\/wp-json\/wp\/v2\/pages\/8743\/revisions"}],"wp:attachment":[{"href":"https:\/\/www.hidrotec.com\/ca\/wp-json\/wp\/v2\/media?parent=8743"}],"curies":[{"name":"wp","href":"https:\/\/api.w.org\/{rel}","templated":true}]}}