{"id":8747,"date":"2023-05-31T10:41:41","date_gmt":"2023-05-31T09:41:41","guid":{"rendered":"https:\/\/hidroliner.com\/abast-sistema-gestio-integrat\/"},"modified":"2023-11-13T17:06:40","modified_gmt":"2023-11-13T16:06:40","slug":"abast-sistema-gestio-integrat","status":"publish","type":"page","link":"https:\/\/www.hidrotec.com\/ca\/abast-sistema-gestio-integrat\/","title":{"rendered":"Abast sistema de gesti\u00f3 integrat"},"content":{"rendered":"\n<p>La nostra activitat se centra en el servei de neteja industrial i de clavegueram p\u00fablic i privat, localitzaci\u00f3 de canalitzacions i arquetes, inspecci\u00f3 de canonades amb cambra de T.V., proves de pressi\u00f3 i estanquitat, rehabilitaci\u00f3 interna i condicionament de canalitzacions i pous de registre. Hidrotec \u00e9s tamb\u00e9 una empresa autoritzada per la ARC (Ag\u00e8ncia de Residus de Catalunya) i la D.G. de Econom\u00eda Circular de la Comunidad de Madrid per al transport de residus i est\u00e0 acreditada per la AMB (\u00c0rea Metropolitana de Barcelona) i Canal Isabel II de Madrid per a realitzar abocaments mitjan\u00e7ant vehicles cisterna per a poder oferir un servei complet als seus clients i complir en tot moment amb la legislaci\u00f3 vigent.<\/p>\n\n<p>La principal activitat de Hidrotec es desenvolupa principalment en l\u2019\u00c0rea Metropolitana de Barcelona i Madrid, sent cada vegada m\u00e9s presents en altres regions, tant per al sector p\u00fablic (CCAA, diputacions, ajuntaments i empreses p\u00fabliques) com per al sector privat (ind\u00fastria aliment\u00e0ria, ind\u00fastria qu\u00edmica, automoci\u00f3, particulars, etc.). El nostre car\u00e0cter d\u2019empresa mitjana ens permet donar resposta a les necessitats dels nostres clients de manera r\u00e0pida i efica\u00e7, amb el m\u00e0xim respecte al medi ambient i assegurant el compliment dels requisits legals necessaris per al desenvolupament de la nostra activitat.<\/p>\n\n<p>Per al desenvolupament de la nostra activitat comptem amb un equip hum\u00e0 intern altament qualificat, amb condicions de treball segures i un bon ambient laboral. El contacte diari amb els nostres prove\u00efdors assegura un tracte de qualitat, respecte i satisfacci\u00f3 per ambdues assegurant col\u00b7laboracions a llarg termini.<\/p>\n\n<p>HIDROTEC, tant en el Centre de Treball de Rub\u00ed (HIDROTEC SANEJAMENT SLU) com en el Centre de Treball de Coslada (HIDROTEC LIMPIEZA Y REHABILITACI\u00d3N DE TUBER\u00cdAS SLU), aplica, per al seu sistema de gesti\u00f3 integrat les normes ISO 9001, ISO14001 i ISO 45001. S\u2019han excl\u00f2s els seg\u00fcents apartats de la norma ISO 9001:<\/p>\n\n<ul class=\"wp-block-list\">\n<li><strong>3. Disseny i Desenvolupament<\/strong>. <em>No \u00e9s aplicable el disseny pels serveis actuals que ofereix l\u2019empresa. Existeix un cat\u00e0leg est\u00e0ndard de serveis.<\/em><\/li>\n<\/ul>\n\n<p>El Sistema de Gesti\u00f3 Integrat de HIDROTEC considera les q\u00fcestions externes i internes que s\u00f3n pertinents per al seu prop\u00f2sit, a trav\u00e9s de l\u2019an\u00e0lisi DAFO (Febleses, Amenaces, Fortaleses i Oportunitats), i t\u00e9 en compte les necessitats, expectatives i requisits (incl\u00f2s els legals) dels treballadors i altres parts interessades.<\/p>\n\n<p><em>HIDROTEC<\/em><em>,<\/em> d\u2019acord amb el que s\u2019estableix per la Llei de Prevenci\u00f3 de Riscos Laborals i el Reglament dels Serveis de Prevenci\u00f3, i amb coneixement i conformitat dels representants dels treballadors, ha optat per rec\u00f3rrer a la modalitat de concertaci\u00f3 d\u2019un Servei de Prevenci\u00f3 Ali\u00e8. Aquest servei ha de realitzar l\u2019assessorament i suport en les activitats preventives dirigides a la protecci\u00f3 de la seguretat i salut dels treballadors en funci\u00f3 dels riscos que existeixin.<\/p>\n\n<p>\u00daltima revisi\u00f3: 05\/05\/2022<\/p>\n","protected":false},"excerpt":{"rendered":"<p>La nostra activitat se centra en el servei de neteja industrial i de clavegueram p\u00fablic i privat, localitzaci\u00f3 de canalitzacions i arquetes, inspecci\u00f3 de canonades amb cambra de T.V., proves de pressi\u00f3 i estanquitat, rehabilitaci\u00f3 interna i condicionament de canalitzacions i pous de registre. Hidrotec \u00e9s tamb\u00e9 una empresa autoritzada per la ARC (Ag\u00e8ncia de [&hellip;]<\/p>\n","protected":false},"author":1,"featured_media":0,"parent":0,"menu_order":36,"comment_status":"closed","ping_status":"closed","template":"","meta":{"_acf_changed":false,"inline_featured_image":false,"footnotes":""},"class_list":["post-8747","page","type-page","status-publish","hentry"],"acf":[],"_links":{"self":[{"href":"https:\/\/www.hidrotec.com\/ca\/wp-json\/wp\/v2\/pages\/8747","targetHints":{"allow":["GET"]}}],"collection":[{"href":"https:\/\/www.hidrotec.com\/ca\/wp-json\/wp\/v2\/pages"}],"about":[{"href":"https:\/\/www.hidrotec.com\/ca\/wp-json\/wp\/v2\/types\/page"}],"author":[{"embeddable":true,"href":"https:\/\/www.hidrotec.com\/ca\/wp-json\/wp\/v2\/users\/1"}],"replies":[{"embeddable":true,"href":"https:\/\/www.hidrotec.com\/ca\/wp-json\/wp\/v2\/comments?post=8747"}],"version-history":[{"count":0,"href":"https:\/\/www.hidrotec.com\/ca\/wp-json\/wp\/v2\/pages\/8747\/revisions"}],"wp:attachment":[{"href":"https:\/\/www.hidrotec.com\/ca\/wp-json\/wp\/v2\/media?parent=8747"}],"curies":[{"name":"wp","href":"https:\/\/api.w.org\/{rel}","templated":true}]}}