{"id":8749,"date":"2023-05-31T10:41:54","date_gmt":"2023-05-31T09:41:54","guid":{"rendered":"https:\/\/hidroliner.com\/acompliment-ambiental\/"},"modified":"2026-03-27T10:57:14","modified_gmt":"2026-03-27T09:57:14","slug":"acompliment-ambiental","status":"publish","type":"page","link":"https:\/\/www.hidrotec.com\/ca\/acompliment-ambiental\/","title":{"rendered":"Acompliment Ambiental"},"content":{"rendered":"\n<div style=\"height:100px\" aria-hidden=\"true\" class=\"wp-block-spacer\"><\/div>\n\n<h2 class=\"wp-block-heading\"><strong>COMUNICACI\u00d3 EXTERNA ASPECTS AMBIENTALS SIGNIFICATIUS I ACOMPLIMENT AMBIENTAL<\/strong> <\/h2>\n\n<h2 class=\"wp-block-heading\"><strong>Sistema de Gesti\u00f3 Ambiental<\/strong> <\/h2>\n\n<p>Com a part de la nostra pol\u00edtica estrat\u00e8gica de millorar cont\u00ednuament, HIDROTEC, t\u00e9 implantat un Sistema de Gesti\u00f3 Integrat de Qualitat, Medi Ambient i Prevenci\u00f3 de Riscos Laborals, tant en el Centre de Treball de Rub\u00ed (HIDROTEC SANEJAMENT SLU) com en el Centre de Treball de Coslada (HIDROTEC NETEJA I REHABILITACI\u00d3 DE CANONADES SLU), d\u2019acord amb els requisits de les normes UNE-EN ISO 9001:2015, UNE-EN ISO 14001:2015 i ISO 45001:2018, i que en el Centre de Rub\u00ed, es troba certificat per l\u2019Associaci\u00f3 Espanyola de Normalitzaci\u00f3 i Certificaci\u00f3 (AENOR). <\/p>\n\n<p>Aquest sistema de gesti\u00f3 implica desenvolupar les eines necess\u00e0ries per a assegurar que HIDROTEC compleix amb els requisits legals i altres requisits derivats de l\u2019an\u00e0lisi del seu context i de les parts interessades, contribuint aix\u00ed a la millora cont\u00ednua i en concordan\u00e7a amb les directrius de la Pol\u00edtica Integrada. <\/p>\n\n<p>En refer\u00e8ncia a la Gesti\u00f3 Ambiental, els requisits tamb\u00e9 provenen de l\u2019avaluaci\u00f3 anual dels aspectes ambientals, o b\u00e9 de canvis en l\u2019organitzaci\u00f3. En aquest sentit HIDROTEC disposa d\u2019un procediment intern per a identificar i avaluar els aspectes ambientals, aix\u00ed com els seus impactes associats, amb l\u2019objectiu de determinar quins d\u2019aquests aspectes s\u00f3n significatius per al medi ambient i requereixen per tant d\u2019un seguiment a trav\u00e9s d\u2019indicadors i objectius. <\/p>\n\n<h2 class=\"wp-block-heading\"><strong>Acompliment Ambiental 2025<\/strong> <\/h2>\n\n<p>Al Centre de Treball de Rub\u00ed, durant l\u2019any 2025, s\u2019ha dut a terme una detallada an\u00e0lisi dels diferents aspectes ambientals i assoliment d\u2019objectius. En aquest sentit, cal remarcar que els resultats obtinguts, comparats amb l\u2019any anterior, s\u00f3n en general positius:  <\/p>\n\n<ul class=\"wp-block-list\">\n<li>La segregaci\u00f3 dels residus per part dels treballadors ha estat correcta, observant-se en general una millora respecte l\u2019any anterior. <\/li>\n<\/ul>\n\n<ul class=\"wp-block-list\">\n<li>El sistema de monitoratge de vehicles ens ha perm\u00e8s obtenir dades referents a l\u2019efici\u00e8ncia de la conducci\u00f3 i per tant ser m\u00e9s eficients en consum de combustible. <\/li>\n<\/ul>\n\n<ul class=\"wp-block-list\">\n<li>El consum total d\u201faigua ha disminu\u00eft un 10,2% respecte l\u201fany anterior <\/li>\n<\/ul>\n\n<ul class=\"wp-block-list\">\n<li>El consum mitj\u00e0 denergia el\u00e8ctrica per treballador ha incrementat un 3,5%. Cal destacar un augment important del nombre de serveis prestats.  <\/li>\n<\/ul>\n\n<ul class=\"wp-block-list\">\n<li>Les emissions de CO2 procedents del consum el\u00e8ctric s\u00f3n properes a 0, a causa de la contractaci\u00f3 d\u2019energia procedent 100% de renovables i de la instal\u00b7laci\u00f3 de plaques fotovoltaiques. <\/li>\n<\/ul>\n\n<ul class=\"wp-block-list\">\n<li>El consum de gasoil trimestral (litres de gasoil consumits per vehicle per servei) ha disminu\u00eft 15,8%. <\/li>\n<\/ul>\n\n<ul class=\"wp-block-list\">\n<li>Les emissions eq. de CO2 per vehicle i servei han disminu\u00eft un 15%.  <\/li>\n<\/ul>\n\n<p>Al Centre de Treball de Coslada, durant l\u2019any 2025, s\u2019ha dut a terme tamb\u00e9 una an\u00e0lisi dels diferents aspectes ambientals i l\u2019assoliment d\u2019objectius. En aquest sentit, cal remarcar que els resultats obtinguts comparats amb l\u2019any anterior s\u00f3n molt positius.  <\/p>\n\n<ul class=\"wp-block-list\">\n<li>La segregaci\u00f3 dels residus per part dels treballadors ha estat correcta, en la mateixa l\u00ednia que el per\u00edode anterior. <\/li>\n<\/ul>\n\n<ul class=\"wp-block-list\">\n<li>El sistema de monitoratge de vehicles ens ha perm\u00e8s obtenir dades referents a l\u00b4efici\u00e8ncia de la conducci\u00f3 i per tant ser m\u00e9s eficients en consum de combustible. <\/li>\n<\/ul>\n\n<ul class=\"wp-block-list\">\n<li>El consum total d\u201faigua ha disminu\u00eft un 25,8% respecte l\u201fany anterior. <\/li>\n<\/ul>\n\n<ul class=\"wp-block-list\">\n<li>El consum total denergia el\u00e8ctrica ha disminu\u00eft un 6,1%. Cal destacar que el consum mitj\u00e0 d\u2019energia el\u00e8ctrica per treballador ha disminu\u00eft un 27,2%.  <\/li>\n<\/ul>\n\n<ul class=\"wp-block-list\">\n<li>Les emissions de CO2 procedents del consum el\u00e8ctric s\u00f3n properes a 0, a causa de la contractaci\u00f3 denergia procedent 100% de renovables. <\/li>\n<\/ul>\n\n<ul class=\"wp-block-list\">\n<li>El consum de gasoil trimestral (litres de gasoil consumits per vehicle per servei) ha disminu\u00eft 35,8%. <\/li>\n<\/ul>\n\n<ul class=\"wp-block-list\">\n<li>Les emissions eq. de CO2 per vehicle i servei han disminu\u00eft un 30%.  <\/li>\n<\/ul>\n\n<h2 class=\"wp-block-heading\"><strong>Aspectes Ambientals Significatius 2025<\/strong> <\/h2>\n\n<p>Els aspectes ambientals significatius identificats i avaluats l\u2019any 2025 s\u00f3n els seg\u00fcents: <\/p>\n\n<p><strong>Centre de treball de Rubi:<\/strong> <\/p>\n\n<figure class=\"wp-block-table\"><table class=\"has-fixed-layout\"><tbody><tr><td><strong>Aspecte ambiental<\/strong> <\/td><td><strong>Impacte ambiental<\/strong> <\/td><td><strong>Indicador de referencia<\/strong> <\/td><\/tr><tr><td>Consum d\u2019energia el\u00e8ctrica <\/td><td>Esgotament dels recursos naturals <\/td><td>Consum anual energia el\u00e8ctrica (Kwh) \/ N\u00ba Treballadors <\/td><\/tr><tr><td>Generaci\u00f3 de residu paper-cartr\u00f3 (200101) <\/td><td>Contaminaci\u00f3 del s\u00f2l i aigua <\/td><td>Sortida residu \/ any <\/td><\/tr><tr><td>Generaci\u00f3 de residu botiguer de resines (95%), pintura i altres productes de taller (080409) \/ Envasos contaminats (150110) <\/td><td>Contaminaci\u00f3 del s\u00f2l i aigua <\/td><td>Sortida residu \/ any <\/td><\/tr><tr><td>Generaci\u00f3 de residu aerosols (160504) <\/td><td>Contaminaci\u00f3 del s\u00f2l i aigua <\/td><td>Sortida residu \/ any <\/td><\/tr><tr><td>Generaci\u00f3 de residu absorbents (150202) <\/td><td>Contaminaci\u00f3 del s\u00f2l i aigua <\/td><td>Sortida residu \/ any <\/td><\/tr><tr><td>Consum de gasoil de vehicles de sanejament <\/td><td>Esgotament dels recursos naturals <\/td><td>Litres gasoil any \/ n\u00ba serveis realitzats <\/td><\/tr><tr><td>Consum de gasoil de vehicles de sanejament <\/td><td>Esgotament dels recursos naturals <\/td><td>Litres gasoil any \/ n\u00ba vehicles comercials <\/td><\/tr><tr><td>Emissions atmosf\u00e8riques de vehicles de sanejament <\/td><td>Contaminaci\u00f3 de l\u2019aire <\/td><td>Kg CO2 vehicles sanejament \/ n\u00ba vehicles sanejament <\/td><\/tr><tr><td>Emissions atmosf\u00e8riques de vehicles comercials <\/td><td>Contaminaci\u00f3 de l\u2019aire <\/td><td>Kg CO2 vehicles comercials \/ n\u00ba vehicles comercials <\/td><\/tr><\/tbody><\/table><\/figure>\n\n<p><strong>Centre de treball de Coslada<\/strong> <\/p>\n\n<figure class=\"wp-block-table\"><table class=\"has-fixed-layout\"><tbody><tr><td><strong>Aspecte ambiental<\/strong> <\/td><td><strong>Impacte ambiental<\/strong> <\/td><td><strong>Indicador de referencia<\/strong> <\/td><\/tr><tr><td>Consum d\u2019energia el\u00e8ctrica <\/td><td>Esgotament dels recursos naturals <\/td><td>Consum anual energia el\u00e8ctrica (Kwh) \/ n\u00fam. <\/td><\/tr><tr><td>Consum de gasoil de vehicles de sanejament <\/td><td>Esgotament dels recursos naturals <\/td><td>Litres gasoil any \/ n\u00ba serveis realitzats <\/td><\/tr><tr><td>Emissions atmosf\u00e8riques de vehicles de sanejament <\/td><td>Contaminaci\u00f3 de l\u2019aire <\/td><td>Kg CO2 vehicles sanejament \/ n\u00ba vehicles sanejament <\/td><\/tr><\/tbody><\/table><\/figure>\n\n<h2 class=\"wp-block-heading\"><strong>Objectius Ambientals 2026<\/strong> <\/h2>\n\n<p>El 2026 s\u2019han establert els objectius ambientals seg\u00fcents: <\/p>\n\n<p><strong>Centre de treball de Rubi:<\/strong> <\/p>\n\n<figure class=\"wp-block-table\"><table class=\"has-fixed-layout\"><tbody><tr><td><strong>Objectiu<\/strong> <\/td><td><strong>Meta<\/strong> <\/td><\/tr><tr><td>Reduir un 2% les emissions de CO2 procedents dels vehicles utilitzats en la prestaci\u00f3 dels serveis <\/td><td>Reduir l\u2019impacte ambiental <\/td><\/tr><tr><td>Reduir el residu paper-cartr\u00f3 en un 15% <\/td><td>Reduir l\u2019impacte ambiental <\/td><\/tr><tr><td>Segregar correctament els residus <\/td><td>Reduir l\u2019impacte ambiental <\/td><\/tr><tr><td>Reduir un 5% el consum d\u2019energia el\u00e8ctrica de la xarxa <\/td><td>Ser m\u00e9s eficients en el consum el\u00e8ctric <\/td><\/tr><tr><td>Reduir un 2% el consum de gasoil <\/td><td>Reduir el consum de recursos <\/td><\/tr><tr><td>Reduir un 5% la generaci\u00f3 de residus perillosos <\/td><td>Reduir l\u2019impacte ambiental <\/td><\/tr><\/tbody><\/table><\/figure>\n\n<p><strong>Centre de treball de Coslada:<\/strong> <\/p>\n\n<figure class=\"wp-block-table\"><table class=\"has-fixed-layout\"><tbody><tr><td><strong>Objectiu<\/strong> <\/td><td><strong>Meta<\/strong> <\/td><\/tr><tr><td>Segregar correctament els residus <\/td><td>Reduir l\u2019impacte ambiental <\/td><\/tr><tr><td>Reduir un 5% el consum d\u2019energia el\u00e8ctrica de la xarxa <\/td><td>Ser m\u00e9s eficients en el consum el\u00e8ctric <\/td><\/tr><tr><td>Reduir un 2% el consum de gasoil <\/td><td>Reduir el consum de recursos <\/td><\/tr><\/tbody><\/table><\/figure>\n\n<h2 class=\"wp-block-heading\"><strong>Comunicaci\u00f3 i sensibilitzaci\u00f3 ambiental<\/strong> <\/h2>\n\n<p>HIDROTEC considera fonamental la formaci\u00f3 i sensibilitzaci\u00f3 ambiental de tots els seus treballadors, amb l\u2019objectiu que siguin coneixedors dels aspectes ambientals relatius a les seves \u00e0rees d\u2019actuaci\u00f3 i d\u2019aquesta manera aconseguir la seva participaci\u00f3 en la gesti\u00f3 i millora cont\u00ednua. <\/p>\n\n<p>Durant l\u2019any 2026, es planifica augmentar les activitats de comunicaci\u00f3 interna en assumptes relacionats amb la gesti\u00f3 ambiental. <\/p>\n\n<h2 class=\"wp-block-heading\"><strong>Comunicaci\u00f3 externa<\/strong> <\/h2>\n\n<p>HIDROTEC com a empresa compromesa amb el medi ambient utilitza aquesta comunicaci\u00f3 anual, disponible en la nostra web corporativa, com a eina de transpar\u00e8ncia i comunicaci\u00f3, a totes les parts interessades, dels nostres aspectes ambientals significatius, objectius i acompliment ambiental. <\/p>\n\n<h2 class=\"wp-block-heading\"><strong>Hidrotec avan\u00e7a cap a la Sostenibilitat amb la instal\u00b7laci\u00f3 de Panells fotovoltaics<\/strong><\/h2>\n\n<p>Hidrotec fa un pas m\u00e9s en el seu comprom\u00eds cap a la sostenibilitat introduint un nou model de consum respectu\u00f3s amb el medi.<\/p>\n\n<p>Aquest projecte, finan\u00e7at pels Fons Next Generation EU dins del Pla de recuperaci\u00f3, transformaci\u00f3 i resili\u00e8ncia, \u00e9s part de la nostra estrat\u00e8gia per assolir un consum i producci\u00f3 d\u2019energia 100% renovable i de les iniciatives centrades en la transici\u00f3 cap a energies m\u00e9s sostenibles que contribueixin a reduir emissions de CO\u2082.<\/p>\n\n<figure class=\"wp-block-image size-large\"><img decoding=\"async\" width=\"1024\" height=\"179\" src=\"https:\/\/www.hidrotec.com\/wp-content\/uploads\/2024\/01\/Renovables_h-1024x179.png\" alt=\"\" class=\"wp-image-11027\" srcset=\"https:\/\/www.hidrotec.com\/wp-content\/uploads\/2024\/01\/Renovables_h-1024x179.png 1024w, https:\/\/www.hidrotec.com\/wp-content\/uploads\/2024\/01\/Renovables_h-600x105.png 600w, https:\/\/www.hidrotec.com\/wp-content\/uploads\/2024\/01\/Renovables_h-768x134.png 768w, https:\/\/www.hidrotec.com\/wp-content\/uploads\/2024\/01\/Renovables_h-1536x269.png 1536w, https:\/\/www.hidrotec.com\/wp-content\/uploads\/2024\/01\/Renovables_h.png 2000w\" sizes=\"(max-width: 1024px) 100vw, 1024px\" \/><\/figure>\n\n<p>La propera comunicaci\u00f3 ambiental est\u00e0 prevista al gener \/ febrer del 2027. <\/p>\n\n<p>Darrera actualitzaci\u00f3 31\/01\/2025 <\/p>\n","protected":false},"excerpt":{"rendered":"<p>COMUNICACI\u00d3 EXTERNA ASPECTS AMBIENTALS SIGNIFICATIUS I ACOMPLIMENT AMBIENTAL Sistema de Gesti\u00f3 Ambiental Com a part de la nostra pol\u00edtica estrat\u00e8gica de millorar cont\u00ednuament, HIDROTEC, t\u00e9 implantat un Sistema de Gesti\u00f3 Integrat de Qualitat, Medi Ambient i Prevenci\u00f3 de Riscos Laborals, tant en el Centre de Treball de Rub\u00ed (HIDROTEC SANEJAMENT SLU) com en el Centre [&hellip;]<\/p>\n","protected":false},"author":3,"featured_media":0,"parent":0,"menu_order":37,"comment_status":"closed","ping_status":"closed","template":"","meta":{"_acf_changed":false,"inline_featured_image":false,"footnotes":""},"class_list":["post-8749","page","type-page","status-publish","hentry"],"acf":[],"_links":{"self":[{"href":"https:\/\/www.hidrotec.com\/ca\/wp-json\/wp\/v2\/pages\/8749","targetHints":{"allow":["GET"]}}],"collection":[{"href":"https:\/\/www.hidrotec.com\/ca\/wp-json\/wp\/v2\/pages"}],"about":[{"href":"https:\/\/www.hidrotec.com\/ca\/wp-json\/wp\/v2\/types\/page"}],"author":[{"embeddable":true,"href":"https:\/\/www.hidrotec.com\/ca\/wp-json\/wp\/v2\/users\/3"}],"replies":[{"embeddable":true,"href":"https:\/\/www.hidrotec.com\/ca\/wp-json\/wp\/v2\/comments?post=8749"}],"version-history":[{"count":2,"href":"https:\/\/www.hidrotec.com\/ca\/wp-json\/wp\/v2\/pages\/8749\/revisions"}],"predecessor-version":[{"id":13292,"href":"https:\/\/www.hidrotec.com\/ca\/wp-json\/wp\/v2\/pages\/8749\/revisions\/13292"}],"wp:attachment":[{"href":"https:\/\/www.hidrotec.com\/ca\/wp-json\/wp\/v2\/media?parent=8749"}],"curies":[{"name":"wp","href":"https:\/\/api.w.org\/{rel}","templated":true}]}}