{"id":8757,"date":"2023-05-31T10:33:48","date_gmt":"2023-05-31T09:33:48","guid":{"rendered":"https:\/\/hidroliner.com\/treballs\/"},"modified":"2024-01-18T12:49:20","modified_gmt":"2024-01-18T11:49:20","slug":"treball","status":"publish","type":"page","link":"https:\/\/www.hidrotec.com\/ca\/treball\/","title":{"rendered":"Treball"},"content":{"rendered":"\n<div class=\"wp-block-group alignfull has-background-background-color has-background is-layout-constrained wp-block-group-is-layout-constrained\">\n<div class=\"wp-block-columns are-vertically-aligned-center hi-default-content-size is-layout-flex wp-block-columns-is-layout-flex\">\n<div class=\"wp-block-column is-vertically-aligned-center is-layout-flow wp-block-column-is-layout-flow\" style=\"padding-top:var(--wp--preset--spacing--55);padding-bottom:var(--wp--preset--spacing--55)\">\n<h1 class=\"wp-block-heading\"><strong>Hidrotec\u00ae<\/strong> Treballs<\/h1>\n\n\n\n<div class=\"wp-block-buttons is-layout-flex wp-block-buttons-is-layout-flex\">\n<div class=\"wp-block-button hi-btn-down hi-anchor is-style-outline is-style-outline--1\"><a class=\"wp-block-button__link wp-element-button\" href=\"#treballs\">Anar al llistat de llocs de treball<\/a><\/div>\n<\/div>\n<\/div>\n\n\n\n<div class=\"wp-block-column is-vertically-aligned-center hi-mobile-hidden is-layout-flow wp-block-column-is-layout-flow\">\n<figure class=\"wp-block-image alignright size-full has-custom-border\"><img decoding=\"async\" width=\"447\" height=\"281\" src=\"https:\/\/www.hidrotec.com\/wp-content\/uploads\/2023\/06\/H-empleo.svg\" alt=\"H de Hidrotec\" class=\"wp-image-7622\" style=\"border-radius:0px\"\/><\/figure>\n<\/div>\n<\/div>\n<\/div>\n\n<div id=\"empleos\" class=\"wp-block-group is-layout-constrained wp-block-group-is-layout-constrained\">\n\t\t\t<div class=\"hi-posts-list hi-empleo-list wp-block-group alignfull\">\n\t\t\t\t\t<article id=\"titulat-a-per-oficina-tecnica\" class=\"wp-block-group alignfull is-nowrap is-layout-flex hi-justify-between hi-post-item hi-empleo-item\">\n\t\t\t\t\t\t<div class=\"wp-block-columns alignfull is-nowrap is-layout-flex hi-justify-between\">\n\t\t\t\t\t\t\t<div class=\"wp-block-column is-layout-flow hi-post-item-content hi-empleo-item-content\">\n\t\t\t\t\t\t\t\t<h2 class=\"hi-post-title hi-empleo-title\">Titulat\/ada per a oficina t\u00e8cnica<\/h2>\n\t\t\t\t\t\t\t\t<p class=\"hi-post-ubicacion hi-empleo-ubicacion hi-h4\">Barcelona, ES.<\/p>\n\t\t\t\t\t\t\t<\/div>\n\t\t\t\t\t\t\t<div class=\"wp-block-column is-layout-flow\">\n\t\t\t\t\t\t\t\t<div class=\"wp-block-buttons is-layout-flex\">\n\t\t\t\t\t\t\t\t\t<div class=\"wp-block-button is-style-outline\">\n\t\t\t\t\t\t\t\t\t\t<a class=\"wp-block-button__link wp-element-button\" href=\"https:\/\/www.hidrotec.com\/ca\/empleo\/titulat-a-per-oficina-tecnica\/\">Veure m\u00e9s<\/a>\n\t\t\t\t\t\t\t\t\t<\/div>\n\t\t\t\t\t\t\t\t<\/div>\n\t\t\t\t\t\t\t<\/div>\n\t\t\t\t\t\t<\/div>\n\t\t\t\t\t<\/article>\n\t\t\t\t\t\n\t\t\t\t\t<article id=\"enginyer\" class=\"wp-block-group alignfull is-nowrap is-layout-flex hi-justify-between hi-post-item hi-empleo-item\">\n\t\t\t\t\t\t<div class=\"wp-block-columns alignfull is-nowrap is-layout-flex hi-justify-between\">\n\t\t\t\t\t\t\t<div class=\"wp-block-column is-layout-flow hi-post-item-content hi-empleo-item-content\">\n\t\t\t\t\t\t\t\t<h2 class=\"hi-post-title hi-empleo-title\">Enginyer\/a<\/h2>\n\t\t\t\t\t\t\t\t<p class=\"hi-post-ubicacion hi-empleo-ubicacion hi-h4\">Barcelona, ES.<\/p>\n\t\t\t\t\t\t\t<\/div>\n\t\t\t\t\t\t\t<div class=\"wp-block-column is-layout-flow\">\n\t\t\t\t\t\t\t\t<div class=\"wp-block-buttons is-layout-flex\">\n\t\t\t\t\t\t\t\t\t<div class=\"wp-block-button is-style-outline\">\n\t\t\t\t\t\t\t\t\t\t<a class=\"wp-block-button__link wp-element-button\" href=\"https:\/\/www.hidrotec.com\/ca\/empleo\/enginyer\/\">Veure m\u00e9s<\/a>\n\t\t\t\t\t\t\t\t\t<\/div>\n\t\t\t\t\t\t\t\t<\/div>\n\t\t\t\t\t\t\t<\/div>\n\t\t\t\t\t\t<\/div>\n\t\t\t\t\t<\/article>\n\t\t\t\t\t\n\t\t\t\t\t<article id=\"operari-sanejament\" class=\"wp-block-group alignfull is-nowrap is-layout-flex hi-justify-between hi-post-item hi-empleo-item\">\n\t\t\t\t\t\t<div class=\"wp-block-columns alignfull is-nowrap is-layout-flex hi-justify-between\">\n\t\t\t\t\t\t\t<div class=\"wp-block-column is-layout-flow hi-post-item-content hi-empleo-item-content\">\n\t\t\t\t\t\t\t\t<h2 class=\"hi-post-title hi-empleo-title\">Operari Sanejament<\/h2>\n\t\t\t\t\t\t\t\t<p class=\"hi-post-ubicacion hi-empleo-ubicacion hi-h4\">Barcelona, ES<\/p>\n\t\t\t\t\t\t\t<\/div>\n\t\t\t\t\t\t\t<div class=\"wp-block-column is-layout-flow\">\n\t\t\t\t\t\t\t\t<div class=\"wp-block-buttons is-layout-flex\">\n\t\t\t\t\t\t\t\t\t<div class=\"wp-block-button is-style-outline\">\n\t\t\t\t\t\t\t\t\t\t<a class=\"wp-block-button__link wp-element-button\" href=\"https:\/\/www.hidrotec.com\/ca\/empleo\/operari-sanejament\/\">Veure m\u00e9s<\/a>\n\t\t\t\t\t\t\t\t\t<\/div>\n\t\t\t\t\t\t\t\t<\/div>\n\t\t\t\t\t\t\t<\/div>\n\t\t\t\t\t\t<\/div>\n\t\t\t\t\t<\/article>\n\t\t\t\t\t\n\t\t\t\t\t<article id=\"conductor\" class=\"wp-block-group alignfull is-nowrap is-layout-flex hi-justify-between hi-post-item hi-empleo-item\">\n\t\t\t\t\t\t<div class=\"wp-block-columns alignfull is-nowrap is-layout-flex hi-justify-between\">\n\t\t\t\t\t\t\t<div class=\"wp-block-column is-layout-flow hi-post-item-content hi-empleo-item-content\">\n\t\t\t\t\t\t\t\t<h2 class=\"hi-post-title hi-empleo-title\">Conductor\/a<\/h2>\n\t\t\t\t\t\t\t\t<p class=\"hi-post-ubicacion hi-empleo-ubicacion hi-h4\">Barcelona, ES.<\/p>\n\t\t\t\t\t\t\t<\/div>\n\t\t\t\t\t\t\t<div class=\"wp-block-column is-layout-flow\">\n\t\t\t\t\t\t\t\t<div class=\"wp-block-buttons is-layout-flex\">\n\t\t\t\t\t\t\t\t\t<div class=\"wp-block-button is-style-outline\">\n\t\t\t\t\t\t\t\t\t\t<a class=\"wp-block-button__link wp-element-button\" href=\"https:\/\/www.hidrotec.com\/ca\/empleo\/conductor\/\">Veure m\u00e9s<\/a>\n\t\t\t\t\t\t\t\t\t<\/div>\n\t\t\t\t\t\t\t\t<\/div>\n\t\t\t\t\t\t\t<\/div>\n\t\t\t\t\t\t<\/div>\n\t\t\t\t\t<\/article>\n\t\t\t\t\t\n\t\t\t<\/div>\n<\/div>\n\n<div class=\"wp-block-columns hi-justify-between is-layout-flex wp-block-columns-is-layout-flex\">\n<div class=\"wp-block-column is-layout-flow wp-block-column-is-layout-flow\" style=\"flex-basis:360px\">\n<h2 class=\"wp-block-heading\">Vols ser part de Hidrotec, per\u00f2 no veus el teu lloc?<\/h2>\n\n\n\n<p>Envia\u2019ns el teu CV amb aquest formulari o contacta\u2019ns a <a href=\"mailto:rrhh@hidrotec.com\">rrhh@hidrotec.com<\/a><\/p>\n<\/div>\n\n\n\n<div class=\"wp-block-column is-layout-flow wp-block-column-is-layout-flow\" style=\"flex-basis:524px\">\n<div class=\"wp-block-contact-form-7-contact-form-selector\">\n<div class=\"wpcf7 no-js\" id=\"wpcf7-f8729-o1\" lang=\"ca\" dir=\"ltr\" data-wpcf7-id=\"8729\">\n<div class=\"screen-reader-response\"><p role=\"status\" aria-live=\"polite\" aria-atomic=\"true\"><\/p> <ul><\/ul><\/div>\n<form action=\"\/ca\/wp-json\/wp\/v2\/pages\/8757#wpcf7-f8729-o1\" method=\"post\" class=\"wpcf7-form init\" aria-label=\"Formulari de contacte\" enctype=\"multipart\/form-data\" novalidate=\"novalidate\" data-status=\"init\">\n<fieldset class=\"hidden-fields-container\"><input type=\"hidden\" name=\"_wpcf7\" value=\"8729\" \/><input type=\"hidden\" name=\"_wpcf7_version\" value=\"6.1.5\" \/><input type=\"hidden\" name=\"_wpcf7_locale\" value=\"ca\" \/><input type=\"hidden\" name=\"_wpcf7_unit_tag\" value=\"wpcf7-f8729-o1\" \/><input type=\"hidden\" name=\"_wpcf7_container_post\" value=\"0\" \/><input type=\"hidden\" name=\"_wpcf7_posted_data_hash\" value=\"\" \/>\n<\/fieldset>\n<input class=\"wpcf7-form-control wpcf7-hidden\" value=\"general\" type=\"hidden\" name=\"asked-job-title\" \/>\n<input class=\"wpcf7-form-control wpcf7-hidden\" value=\"\" type=\"hidden\" name=\"asked-job-url\" \/>\n<p><span class=\"wpcf7-form-control-wrap\" data-name=\"your-name\"><input size=\"40\" maxlength=\"400\" class=\"wpcf7-form-control wpcf7-text wpcf7-validates-as-required\" autocomplete=\"name\" aria-required=\"true\" aria-invalid=\"false\" placeholder=\"Nom i Cognoms\" value=\"\" type=\"text\" name=\"your-name\" \/><\/span><br \/>\n<span class=\"wpcf7-form-control-wrap\" data-name=\"your-email\"><input size=\"40\" maxlength=\"400\" class=\"wpcf7-form-control wpcf7-email wpcf7-validates-as-required wpcf7-text wpcf7-validates-as-email\" autocomplete=\"email\" aria-required=\"true\" aria-invalid=\"false\" placeholder=\"Email\" value=\"\" type=\"email\" name=\"your-email\" \/><\/span><br \/>\n<span class=\"wpcf7-form-control-wrap\" data-name=\"your-phone\"><input size=\"40\" maxlength=\"400\" class=\"wpcf7-form-control wpcf7-tel wpcf7-validates-as-required wpcf7-text wpcf7-validates-as-tel\" aria-required=\"true\" aria-invalid=\"false\" placeholder=\"Tel\u00e9fono\" value=\"\" type=\"tel\" name=\"your-phone\" \/><\/span>\n<\/p>\n<div class=\"hi-input-file-wrapper\">\n\t<p><span class=\"hi-placeholder\">Adjunta el teu CV<\/span><span class=\"wpcf7-form-control-wrap\" data-name=\"your-cv\"><input size=\"40\" class=\"wpcf7-form-control wpcf7-file wpcf7-validates-as-required\" accept=\"image\/*,.txt,application\/pdf\" aria-required=\"true\" aria-invalid=\"false\" type=\"file\" name=\"your-cv\" \/><\/span>\n\t<\/p>\n<\/div>\n<div class=\"hi-select-wrapper\">\n\t<p><span class=\"wpcf7-form-control-wrap\" data-name=\"your-city\"><select class=\"wpcf7-form-control wpcf7-select wpcf7-validates-as-required\" aria-required=\"true\" aria-invalid=\"false\" name=\"your-city\"><option value=\"\">Poblaci\u00f3n<\/option><option value=\"Sabadell\">Sabadell<\/option><option value=\"Barcelona\">Barcelona<\/option><option value=\"Terrassa\">Terrassa<\/option><option value=\"Sant Cugat del Valles\">Sant Cugat del Valles<\/option><\/select><\/span>\n\t<\/p>\n<\/div>\n<p><span class=\"wpcf7-form-control-wrap\" data-name=\"your-acceptance\"><span class=\"wpcf7-form-control wpcf7-acceptance\"><span class=\"wpcf7-list-item\"><label><input type=\"checkbox\" name=\"your-acceptance\" value=\"1\" aria-invalid=\"false\" \/><span class=\"wpcf7-list-item-label\">He llegit i accepto les condicions contingudes a la <a href=\"\/politica-de-privacidad\/\">Pol\u00edtica de Privadesa<\/a>.<\/span><\/label><\/span><\/span><\/span>\n<\/p>\n<p class=\"hi-text-small\">HIDROTEC SANEJAMENT, S.L. com a responsable del tractament tractar\u00e0 les teves dades amb la finalitat de gestionar la teva participaci\u00f3 als processos de selecci\u00f3 de la nostra entitat. Pots accedir, rectificar i suprimir les teves dades, aix\u00ed com exercir altres drets consultant la informaci\u00f3 addicional i detallada sobre protecci\u00f3 de dades a la nostra Pol\u00edtica de Privadesa.\n<\/p>\n<p><input class=\"wpcf7-form-control wpcf7-submit has-spinner\" type=\"submit\" value=\"Enviar\" \/>\n<\/p><p style=\"display: none !important;\" class=\"akismet-fields-container\" data-prefix=\"_wpcf7_ak_\"><label>\u0394<textarea name=\"_wpcf7_ak_hp_textarea\" cols=\"45\" rows=\"8\" maxlength=\"100\"><\/textarea><\/label><input type=\"hidden\" id=\"ak_js_1\" name=\"_wpcf7_ak_js\" value=\"48\"\/><script>document.getElementById( \"ak_js_1\" ).setAttribute( \"value\", ( new Date() ).getTime() );<\/script><\/p><div class=\"wpcf7-response-output\" aria-hidden=\"true\"><\/div>\n<\/form>\n<\/div>\n<\/div>\n<\/div>\n<\/div>\n","protected":false},"excerpt":{"rendered":"<p>Hidrotec\u00ae Treballs Vols ser part de Hidrotec, per\u00f2 no veus el teu lloc? Envia\u2019ns el teu CV amb aquest formulari o contacta\u2019ns a rrhh@hidrotec.com<\/p>\n","protected":false},"author":1,"featured_media":0,"parent":0,"menu_order":19,"comment_status":"closed","ping_status":"closed","template":"templates\/page-full-no-header.php","meta":{"_acf_changed":false,"inline_featured_image":false,"footnotes":""},"class_list":["post-8757","page","type-page","status-publish","hentry"],"acf":[],"_links":{"self":[{"href":"https:\/\/www.hidrotec.com\/ca\/wp-json\/wp\/v2\/pages\/8757","targetHints":{"allow":["GET"]}}],"collection":[{"href":"https:\/\/www.hidrotec.com\/ca\/wp-json\/wp\/v2\/pages"}],"about":[{"href":"https:\/\/www.hidrotec.com\/ca\/wp-json\/wp\/v2\/types\/page"}],"author":[{"embeddable":true,"href":"https:\/\/www.hidrotec.com\/ca\/wp-json\/wp\/v2\/users\/1"}],"replies":[{"embeddable":true,"href":"https:\/\/www.hidrotec.com\/ca\/wp-json\/wp\/v2\/comments?post=8757"}],"version-history":[{"count":0,"href":"https:\/\/www.hidrotec.com\/ca\/wp-json\/wp\/v2\/pages\/8757\/revisions"}],"wp:attachment":[{"href":"https:\/\/www.hidrotec.com\/ca\/wp-json\/wp\/v2\/media?parent=8757"}],"curies":[{"name":"wp","href":"https:\/\/api.w.org\/{rel}","templated":true}]}}