{"id":9452,"date":"2023-05-31T10:35:05","date_gmt":"2023-05-31T09:35:05","guid":{"rendered":"https:\/\/www.hidroliner.com\/sostenibilitat\/"},"modified":"2026-01-14T10:43:03","modified_gmt":"2026-01-14T09:43:03","slug":"sostenibilitat","status":"publish","type":"page","link":"https:\/\/www.hidrotec.com\/ca\/empresa\/sostenibilitat\/","title":{"rendered":"Sostenibilitat"},"content":{"rendered":"\n<div class=\"wp-block-columns hi-flex-wrap hi-desktop-overlapping is-layout-flex wp-block-columns-is-layout-flex\">\n<div class=\"wp-block-column hi-sides-wrapper is-layout-flow wp-block-column-is-layout-flow\" style=\"flex-basis:50%\">\n<div class=\"wp-block-group hi-sides is-layout-flow wp-block-group-is-layout-flow\">\n<div class=\"wp-block-group hi-side-front hi-icon-position-top is-layout-flow wp-block-group-is-layout-flow\" style=\"padding-top:var(--wp--preset--spacing--70)\">\n<div class=\"wp-block-group hi-side-content is-vertical is-content-justification-stretch is-layout-flex wp-block-group-is-layout-flex\">\n<figure class=\"wp-block-image size-full is-resized has-custom-border\"><img decoding=\"async\" width=\"1864\" height=\"1751\" src=\"https:\/\/www.hidrotec.com\/wp-content\/uploads\/2024\/01\/14001.png\" alt=\"14001\" class=\"wp-image-10811\" style=\"border-radius:0px;object-fit:contain;width:140px;height:140px\" srcset=\"https:\/\/www.hidrotec.com\/wp-content\/uploads\/2024\/01\/14001.png 1864w, https:\/\/www.hidrotec.com\/wp-content\/uploads\/2024\/01\/14001-600x564.png 600w, https:\/\/www.hidrotec.com\/wp-content\/uploads\/2024\/01\/14001-1024x962.png 1024w, https:\/\/www.hidrotec.com\/wp-content\/uploads\/2024\/01\/14001-768x721.png 768w, https:\/\/www.hidrotec.com\/wp-content\/uploads\/2024\/01\/14001-1536x1443.png 1536w\" sizes=\"(max-width: 1864px) 100vw, 1864px\" \/><\/figure>\n\n\n\n<h2 class=\"wp-block-heading\">Certificaci\u00f3 ISO 14001<\/h2>\n<\/div>\n<\/div>\n\n\n\n<div class=\"wp-block-group hi-side-back is-layout-flow wp-block-group-is-layout-flow\">\n<div class=\"wp-block-group hi-side-content is-layout-flow wp-block-group-is-layout-flow\">\n<div class=\"wp-block-group is-layout-constrained wp-block-group-is-layout-constrained\">\n<p>El Sistema de Gesti\u00f3 Ambiental de Hidrotec est\u00e0 certificat per AENOR des de l\u2019any 2016, segons norma ISO 14001:2015. Aquesta certificaci\u00f3 verifica el nostre comprom\u00eds amb el medi ambient i la sostenibilitat, marcant el full de ruta del Departament de Medi Ambient.<\/p>\n<\/div>\n<\/div>\n<\/div>\n<\/div>\n<\/div>\n\n\n\n<div class=\"wp-block-column hi-sides-wrapper is-layout-flow wp-block-column-is-layout-flow\" style=\"flex-basis:50%\">\n<div class=\"wp-block-group hi-sides is-layout-flow wp-block-group-is-layout-flow\">\n<div class=\"wp-block-group hi-side-front hi-icon-position-top is-layout-flow wp-block-group-is-layout-flow\" style=\"padding-top:var(--wp--preset--spacing--70)\">\n<div class=\"wp-block-group hi-side-content is-vertical is-content-justification-stretch is-layout-flex wp-block-group-is-layout-flex\">\n<figure class=\"wp-block-image size-full is-resized has-custom-border\"><img decoding=\"async\" width=\"392\" height=\"392\" src=\"https:\/\/www.hidrotec.com\/wp-content\/uploads\/2023\/11\/logotipo-4r-economica-circular.webp\" alt=\"Logotip las4r.com Econom\u00eda Circular (Reducir &gt; Recuperar &gt; Reciclar &gt; Rehabilitar)\" class=\"wp-image-8787\" style=\"border-radius:0px;object-fit:contain;width:140px;height:140px\" srcset=\"https:\/\/www.hidrotec.com\/wp-content\/uploads\/2023\/11\/logotipo-4r-economica-circular.webp 392w, https:\/\/www.hidrotec.com\/wp-content\/uploads\/2023\/11\/logotipo-4r-economica-circular-300x300.webp 300w\" sizes=\"(max-width: 392px) 100vw, 392px\" \/><\/figure>\n\n\n\n<h2 class=\"wp-block-heading\">Econom\u00eda Circular<\/h2>\n<\/div>\n<\/div>\n\n\n\n<div class=\"wp-block-group hi-side-back is-layout-flow wp-block-group-is-layout-flow\">\n<div class=\"wp-block-group hi-side-content is-layout-flow wp-block-group-is-layout-flow\">\n<div class=\"wp-block-group is-layout-flow wp-block-group-is-layout-flow\">\n<p>Som pioners a adaptar la nostra activitat als preceptes de l\u2019Economia Circular, posant focus en l\u2019efici\u00e8ncia operativa i fent un \u00fas responsable dels recursos.<\/p>\n\n\n\n<p>Compromesos amb la preservaci\u00f3 del medi ambient, hem desenvolupat el nostre propi paradigma de les 4 Rs: Reduir \u2013 Recuperar \u2013 Reciclar \u2013 Rehabilitar.<\/p>\n\n\n\n<p>Coneix m\u00e9s sobre <a href=\"https:\/\/www.las4r.com\/\" data-type=\"link\" data-id=\"https:\/\/www.las4r.com\/\" target=\"_blank\" rel=\"noopener\">les nostres 4 R\u2019s<\/a> <\/p>\n<\/div>\n<\/div>\n<\/div>\n<\/div>\n<\/div>\n\n\n\n<div class=\"wp-block-column hi-sides-wrapper is-layout-flow wp-block-column-is-layout-flow\" style=\"flex-basis:50%\">\n<div class=\"wp-block-group hi-sides is-layout-flow wp-block-group-is-layout-flow\">\n<div class=\"wp-block-group hi-side-front hi-icon-position-top is-layout-flow wp-block-group-is-layout-flow\" style=\"padding-top:var(--wp--preset--spacing--70)\">\n<div class=\"wp-block-group hi-side-content is-vertical is-content-justification-stretch is-layout-flex wp-block-group-is-layout-flex\">\n<figure class=\"wp-block-image size-full is-resized\"><img decoding=\"async\" width=\"500\" height=\"482\" src=\"https:\/\/www.hidrotec.com\/wp-content\/uploads\/2023\/11\/sostenibilidad-1.webp\" alt=\"Sostenibilitat\" class=\"wp-image-8658\" style=\"object-fit:contain;width:140px;height:140px\"\/><\/figure>\n\n\n\n<h2 class=\"wp-block-heading\">Iniciatives de sostenibilitat<\/h2>\n<\/div>\n<\/div>\n\n\n\n<div class=\"wp-block-group hi-side-back is-layout-flow wp-block-group-is-layout-flow\">\n<div class=\"wp-block-group hi-side-content is-layout-flow wp-block-group-is-layout-flow\">\n<div class=\"wp-block-group is-layout-constrained wp-block-group-is-layout-constrained\">\n<p>Des de 2019 estem adscrits al Programa d\u2019Acords Voluntaris per a la reducci\u00f3 de les emissions de gasos d\u2019efecte d\u2019hivernacle de la Generalitat de Catalunya. Amb aquest Programa, fem seguiment de les emissions de GEI derivades de la nostra activitat i establim mesures per a reduir-les.<\/p>\n\n\n\n<p>Des de 2022 Hidrotec disposa d\u2019instal\u00b7laci\u00f3 d\u2019autoconsum fotovoltaic, generant el 40% de la nostra necessitat el\u00e8ctrica.<\/p>\n<\/div>\n<\/div>\n<\/div>\n<\/div>\n<\/div>\n\n\n\n<div class=\"wp-block-column hi-sides-wrapper is-layout-flow wp-block-column-is-layout-flow\" style=\"flex-basis:50%\">\n<div class=\"wp-block-group hi-sides is-layout-flow wp-block-group-is-layout-flow\">\n<div class=\"wp-block-group hi-side-front hi-icon-position-top is-layout-flow wp-block-group-is-layout-flow\" style=\"padding-top:var(--wp--preset--spacing--70)\">\n<div class=\"wp-block-group hi-side-content is-vertical is-content-justification-stretch is-layout-flex wp-block-group-is-layout-flex\">\n<figure class=\"wp-block-image size-full is-resized has-custom-border\"><img decoding=\"async\" width=\"144\" height=\"146\" src=\"https:\/\/www.hidrotec.com\/wp-content\/uploads\/2023\/11\/cluster-residuos-cataluna.webp\" alt=\"Cl\u00faster Residus Catalunya\" class=\"wp-image-8789\" style=\"border-radius:0px;object-fit:contain;width:140px;height:140px\"\/><\/figure>\n\n\n\n<h2 class=\"wp-block-heading\">Cl\u00faster de Residus<\/h2>\n<\/div>\n<\/div>\n\n\n\n<div class=\"wp-block-group hi-side-back is-layout-flow wp-block-group-is-layout-flow\">\n<div class=\"wp-block-group hi-side-content is-layout-flow wp-block-group-is-layout-flow\">\n<div class=\"wp-block-group is-layout-constrained wp-block-group-is-layout-constrained\">\n<p>Des de 2023 som socis actius del Cl\u00faster de Residus de Catalunya. Aquesta associaci\u00f3 t\u00e9 per objectiu dinamitzar la competitivitat de les empreses del sector, fomentant la seva internalitzaci\u00f3 i innovaci\u00f3.<\/p>\n\n\n\n<p>El Cl\u00faster de Residus treballa en el marc de l\u2019economia verda i circular, que impulsa la reducci\u00f3 dels residus mitjan\u00e7ant el seu reciclatge, aix\u00ed com l\u2019\u00fas eficient de recursos.<\/p>\n<\/div>\n<\/div>\n<\/div>\n<\/div>\n<\/div>\n<\/div>\n\n\n\n<div class=\"wp-block-group is-layout-constrained wp-block-group-is-layout-constrained\">\n<div class=\"wp-block-columns alignfull hi-justify-center is-layout-flex wp-block-columns-is-layout-flex\" style=\"margin-bottom:0\">\n<div class=\"wp-block-column is-layout-flow wp-block-column-is-layout-flow\" style=\"padding-top:0;padding-right:0;padding-bottom:0;padding-left:0;flex-basis:849px\">\n<h2 class=\"wp-block-heading has-text-align-center hi-h1\">Compromesos amb la <strong>preservaci\u00f3 del medi ambient<\/strong><\/h2>\n<\/div>\n<\/div>\n\n\n\n<div class=\"wp-block-columns alignfull hi-justify-center has-grey-color has-text-color is-layout-flex wp-block-columns-is-layout-flex\" style=\"margin-top:var(--wp--preset--spacing--30)\">\n<div class=\"wp-block-column is-layout-flow wp-block-column-is-layout-flow\" style=\"padding-top:0;padding-right:0;padding-bottom:0;padding-left:0;flex-basis:608px\">\n<h3 class=\"wp-block-heading has-text-align-center hi-h4\">Invertim en sostenibilidad perqu\u00e8 creiem en un futur millor, que respecti el medi ambient i les persones.<\/h3>\n<\/div>\n<\/div>\n\n\n\n<figure class=\"wp-block-image alignwide size-large\"><img decoding=\"async\" width=\"1024\" height=\"394\" src=\"https:\/\/www.hidrotec.com\/wp-content\/uploads\/2023\/11\/Comprometidos-con-preservacion-medio-ambiente-1024x394.webp\" alt=\"Compromesos amb la preservaci\u00f3 del medi ambient\" class=\"wp-image-8791\" srcset=\"https:\/\/www.hidrotec.com\/wp-content\/uploads\/2023\/11\/Comprometidos-con-preservacion-medio-ambiente-1024x394.webp 1024w, https:\/\/www.hidrotec.com\/wp-content\/uploads\/2023\/11\/Comprometidos-con-preservacion-medio-ambiente-600x231.webp 600w, https:\/\/www.hidrotec.com\/wp-content\/uploads\/2023\/11\/Comprometidos-con-preservacion-medio-ambiente-768x295.webp 768w, https:\/\/www.hidrotec.com\/wp-content\/uploads\/2023\/11\/Comprometidos-con-preservacion-medio-ambiente.webp 1300w\" sizes=\"(max-width: 1024px) 100vw, 1024px\" \/><\/figure>\n<\/div>\n\n\n\n<div class=\"wp-block-columns is-layout-flex wp-block-columns-is-layout-flex\">\n<div class=\"wp-block-column is-layout-flow wp-block-column-is-layout-flow\">\n<h3 class=\"wp-block-heading hi-h2\">Responsabilitat social i protecci\u00f3 mediambiental<\/h3>\n\n\n\n<p>El nostre Departament de Medi Ambient desenvolupa diferents iniciatives transversals d\u2019innovaci\u00f3 per a millorar l\u2019efici\u00e8ncia ambiental dels nostres processos operatius, fer un \u00fas m\u00e9s sostenible dels recursos, i dissenyar solucions integrals amb l\u2019objectiu d\u2019augmentar la vida \u00fatil de les infraestructures hidr\u00e0uliques de sanejament i prove\u00efment en condicions de funcionalitat \u00f2ptima.<\/p>\n\n\n\n<h4 class=\"wp-block-heading\">Aigua regenerada<\/h4>\n\n\n\n<p>Incorporem l\u2019\u00fas d\u2019aigua regenerada en la neteja de canonades, donant un nou \u00fas a les aig\u00fces residuals.<\/p>\n\n\n\n<h4 class=\"wp-block-heading\">Camions recirculadors<\/h4>\n\n\n\n<p>Som pioners en la incorporaci\u00f3 de camions mixtos recirculadors, capa\u00e7os de recuperar i reciclar mitjan\u00e7ant sistema de filtratge, l\u2019aigua d\u2019impulsi\u00f3 utilitzada en la neteja dels col\u00b7lectors. Aquesta singularitat permet optimitzar el consum d\u2019aigua, aix\u00ed com disminuir el consum de combustible i emissions de di\u00f2xid de carboni.<\/p>\n\n\n\n<h4 class=\"wp-block-heading\">Rehabilitaci\u00f3 sense rasa de canonades<\/h4>\n\n\n\n<p>Des de l\u2019any 1996 rehabilitem canonades i col\u00b7lectors amb diferents sistemes basats en la tecnologia sense rasa, que permeten evitar la generaci\u00f3 de residus i disminuir el consum energ\u00e8tic.<\/p>\n\n\n\n<h4 class=\"wp-block-heading\">Vehicles sostenibles<\/h4>\n\n\n\n<p>Hidrotec disposa d\u2019una flota de vehicles i camions amb etiquetes C, ECO i Zero. Entre ells destaquen els camions cisterna mixtos amb Dual Fuel (Gasoil-Gas Natural), aix\u00ed com els vehicles h\u00edbrids (Gasolina-El\u00e8ctric) i 100% el\u00e8ctrics.<\/p>\n\n\n\n<p>Amb aquestes iniciatives ambientals volem aportar el nostre gra de sorra per a fer un futur m\u00e9s sostenible.<\/p>\n<\/div>\n\n\n\n<div class=\"wp-block-column is-layout-flow wp-block-column-is-layout-flow\" style=\"flex-basis:50%\">\n<figure class=\"wp-block-image alignright size-full\"><img decoding=\"async\" width=\"435\" height=\"250\" src=\"https:\/\/www.hidrotec.com\/wp-content\/uploads\/2023\/11\/uso-agua-regenerada.webp\" alt=\"us aigua regenerada\" class=\"wp-image-8795\"\/><\/figure>\n\n\n\n<figure class=\"wp-block-image alignright size-full\"><img decoding=\"async\" width=\"435\" height=\"250\" src=\"https:\/\/www.hidrotec.com\/wp-content\/uploads\/2023\/11\/furgoneta-electrica-hidrotec.webp\" alt=\"furgoneta el\u00e8ctrica Hidrotec\" class=\"wp-image-8793\"\/><\/figure>\n<\/div>\n<\/div>\n\n\n\n<div class=\"wp-block-columns is-layout-flex wp-block-columns-is-layout-flex\">\n<div class=\"wp-block-column hi-mobile-item-order-2 is-layout-flow wp-block-column-is-layout-flow\" style=\"flex-basis:50%\">\n<figure class=\"wp-block-image alignleft size-full\"><img decoding=\"async\" width=\"435\" height=\"250\" src=\"https:\/\/www.hidrotec.com\/wp-content\/uploads\/2023\/11\/valorizacion-residuos.webp\" alt=\"Valoritzaci\u00f3 Residus\" class=\"wp-image-8797\"\/><\/figure>\n<\/div>\n\n\n\n<div class=\"wp-block-column is-layout-flow wp-block-column-is-layout-flow\">\n<h3 class=\"wp-block-heading hi-h2\">Gesti\u00f3 de residus<\/h3>\n\n\n\n<p>La nostra aposta per la sostenibilitat social i mediambiental inclou la prestaci\u00f3 de solucions de recollida, transport i gesti\u00f3 de residus, que ajuden a minimitzar l\u2019impacte ambiental de les activitats dels nostres clients.<\/p>\n\n\n\n<p>En aquest sentit, els nostres centres de treball disposen de les corresponents autoritzacions per a realitzar activitats com a Productor, Agent i Transportista de residus, atorgades per la ARC (Ag\u00e8ncia Catalana de Residus) i per la Conselleria de Medi Ambient de Madrid.<\/p>\n\n\n\n<p>De la mateixa manera, estem autoritzats per la AMB (\u00c0rea Metropolitana de Barcelona) i per Canal Isabel II per a realitzar abocaments mitjan\u00e7ant vehicles cisterna.<\/p>\n\n\n\n<p>La nostra \u00e0mplia i diversa flota de transport de residus ens permet donar resposta als diferents escenaris i particularitats que puguin tenir els nostres clients.<\/p>\n<\/div>\n<\/div>\n\n\n\n<div class=\"wp-block-group alignfull is-layout-constrained wp-block-group-is-layout-constrained\">\n<div class=\"wp-block-columns hi-default-content-size is-layout-flex wp-block-columns-is-layout-flex\" style=\"margin-bottom:0\">\n<div class=\"wp-block-column is-layout-flow wp-block-column-is-layout-flow\" style=\"flex-basis:753px\">\n<h2 class=\"wp-block-heading hi-h1\" style=\"margin-top:0;margin-right:0;margin-bottom:0;margin-left:0\">Impulsats per la constant millora i evoluci\u00f3<\/h2>\n\n\n\n<h3 class=\"wp-block-heading hi-h4\" style=\"margin-top:var(--wp--preset--spacing--30)\">Segueix el nostre blog i descobreix les \u00faltimes not\u00edcies relacionades amb la sostenibilitat i el medi ambient.<\/h3>\n<\/div>\n<\/div>\n\n\n\n<div class=\"wp-block-query hi-slider hi-default-content-size is-layout-flow wp-block-query-is-layout-flow\"><\/div>\n\n\n\n<div class=\"wp-block-group hi-default-content-size is-content-justification-left is-layout-constrained wp-block-group-is-layout-constrained\">\n<div class=\"wp-block-buttons is-content-justification-left is-layout-flex wp-block-buttons-is-layout-flex\">\n<div class=\"wp-block-button is-style-outline is-style-outline--1\"><a class=\"wp-block-button__link wp-element-button\" href=\"https:\/\/www.hidrotec.com\/ca\/blog\/\">Leer todas<\/a><\/div>\n<\/div>\n<\/div>\n<\/div>\n","protected":false},"excerpt":{"rendered":"<p>A Hidrotec busquem constantment solucions innovadores per al manteniment i rehabilitaci\u00f3 de les xarxes de sanejament amb l&#8217;objectiu de fer m\u00e9s sostenible el futur.<\/p>\n","protected":false},"author":1,"featured_media":8785,"parent":9454,"menu_order":14,"comment_status":"closed","ping_status":"closed","template":"templates\/page-full.php","meta":{"_acf_changed":false,"inline_featured_image":false,"footnotes":""},"class_list":["post-9452","page","type-page","status-publish","has-post-thumbnail","hentry"],"acf":[],"_links":{"self":[{"href":"https:\/\/www.hidrotec.com\/ca\/wp-json\/wp\/v2\/pages\/9452","targetHints":{"allow":["GET"]}}],"collection":[{"href":"https:\/\/www.hidrotec.com\/ca\/wp-json\/wp\/v2\/pages"}],"about":[{"href":"https:\/\/www.hidrotec.com\/ca\/wp-json\/wp\/v2\/types\/page"}],"author":[{"embeddable":true,"href":"https:\/\/www.hidrotec.com\/ca\/wp-json\/wp\/v2\/users\/1"}],"replies":[{"embeddable":true,"href":"https:\/\/www.hidrotec.com\/ca\/wp-json\/wp\/v2\/comments?post=9452"}],"version-history":[{"count":1,"href":"https:\/\/www.hidrotec.com\/ca\/wp-json\/wp\/v2\/pages\/9452\/revisions"}],"predecessor-version":[{"id":13224,"href":"https:\/\/www.hidrotec.com\/ca\/wp-json\/wp\/v2\/pages\/9452\/revisions\/13224"}],"up":[{"embeddable":true,"href":"https:\/\/www.hidrotec.com\/ca\/wp-json\/wp\/v2\/pages\/9454"}],"wp:featuredmedia":[{"embeddable":true,"href":"https:\/\/www.hidrotec.com\/ca\/wp-json\/wp\/v2\/media\/8785"}],"wp:attachment":[{"href":"https:\/\/www.hidrotec.com\/ca\/wp-json\/wp\/v2\/media?parent=9452"}],"curies":[{"name":"wp","href":"https:\/\/api.w.org\/{rel}","templated":true}]}}