{"id":9459,"date":"2023-05-31T10:34:49","date_gmt":"2023-05-31T09:34:49","guid":{"rendered":"https:\/\/www.hidroliner.com\/empresa\/innovacio\/"},"modified":"2024-11-20T10:35:14","modified_gmt":"2024-11-20T09:35:14","slug":"innovacio","status":"publish","type":"page","link":"https:\/\/www.hidrotec.com\/ca\/empresa\/innovacio\/","title":{"rendered":"Innovaci\u00f3"},"content":{"rendered":"\n<div class=\"wp-block-columns hi-flex-wrap hi-desktop-overlapping is-layout-flex wp-block-columns-is-layout-flex\">\n<div class=\"wp-block-column hi-sides-wrapper is-layout-flow wp-block-column-is-layout-flow\" style=\"flex-basis:50%\">\n<div class=\"wp-block-group hi-sides is-layout-flow wp-block-group-is-layout-flow\">\n<div class=\"wp-block-group hi-side-front hi-icon-position-top is-layout-flow wp-block-group-is-layout-flow\" style=\"padding-top:var(--wp--preset--spacing--70)\">\n<div class=\"wp-block-group hi-side-content is-vertical is-content-justification-stretch is-layout-flex wp-block-group-is-layout-flex\">\n<figure class=\"wp-block-image size-full is-resized\"><img decoding=\"async\" width=\"500\" height=\"350\" src=\"https:\/\/www.hidrotec.com\/wp-content\/uploads\/2024\/01\/id-saneamiento.webp\" alt=\"i+d-sanejament\" class=\"wp-image-10841\" style=\"object-fit:contain;width:200px;height:200px\"\/><\/figure>\n\n\n\n<h2 class=\"wp-block-heading\">Departament R+D+i<\/h2>\n<\/div>\n<\/div>\n\n\n\n<div class=\"wp-block-group hi-side-back is-layout-flow wp-block-group-is-layout-flow\">\n<div class=\"wp-block-group hi-side-content is-layout-flow wp-block-group-is-layout-flow\">\n<div class=\"wp-block-group is-layout-constrained wp-block-group-is-layout-constrained\">\n<p>Des de l\u2019any 2012 comptem amb un Departament de R+D+i que desenvolupa un pla continuat de recerca col\u00b7laborativa amb centres tecnol\u00f2gics i universitats.<\/p>\n\n\n\n<p>Aquest esfor\u00e7 en tecnologia i innovaci\u00f3 ens ha perm\u00e8s posicionar-nos entre les millors empreses del sector a nivell mundial.<\/p>\n<\/div>\n<\/div>\n<\/div>\n<\/div>\n<\/div>\n\n\n\n<div class=\"wp-block-column hi-sides-wrapper is-layout-flow wp-block-column-is-layout-flow\" style=\"flex-basis:50%\">\n<div class=\"wp-block-group hi-sides is-layout-flow wp-block-group-is-layout-flow\">\n<div class=\"wp-block-group hi-side-front hi-icon-position-top is-layout-flow wp-block-group-is-layout-flow\" style=\"padding-top:var(--wp--preset--spacing--70)\">\n<div class=\"wp-block-group hi-side-content is-vertical is-content-justification-stretch is-layout-flex wp-block-group-is-layout-flex\">\n<figure class=\"wp-block-image size-full is-resized has-custom-border\"><img decoding=\"async\" width=\"500\" height=\"350\" src=\"https:\/\/www.hidrotec.com\/wp-content\/uploads\/2024\/01\/pyme.webp\" alt=\"pime\" class=\"wp-image-10844\" style=\"border-radius:0px;object-fit:contain;width:200px;height:200px\"\/><\/figure>\n\n\n\n<h2 class=\"wp-block-heading\">PIME Innovadora<\/h2>\n<\/div>\n<\/div>\n\n\n\n<div class=\"wp-block-group hi-side-back is-layout-flow wp-block-group-is-layout-flow\">\n<div class=\"wp-block-group hi-side-content is-layout-flow wp-block-group-is-layout-flow\">\n<div class=\"wp-block-group is-layout-flow wp-block-group-is-layout-flow\">\n<p>Hidrotec ha rebut el segell distintiu de Pime Innovadora, gr\u00e0cies a la constant inversi\u00f3 en R+D+i, per a facilitar, agilitzar i oferir uns serveis de major qualitat.<\/p>\n\n\n\n<p>El segell de Pime Innovadora s\u2019atorga a trav\u00e9s del Ministeri de Ci\u00e8ncia i Innovaci\u00f3 a aquelles empreses que duen a terme i aposten per les accions de recerca, desenvolupament i innovaci\u00f3 en l\u2019\u00e0mbit tecnol\u00f2gic.<\/p>\n<\/div>\n<\/div>\n<\/div>\n<\/div>\n<\/div>\n\n\n\n<div class=\"wp-block-column hi-sides-wrapper is-layout-flow wp-block-column-is-layout-flow\" style=\"flex-basis:50%\">\n<div class=\"wp-block-group hi-sides is-layout-flow wp-block-group-is-layout-flow\">\n<div class=\"wp-block-group hi-side-front hi-icon-position-top is-layout-flow wp-block-group-is-layout-flow\" style=\"padding-top:var(--wp--preset--spacing--70)\">\n<div class=\"wp-block-group hi-side-content is-vertical is-content-justification-stretch is-layout-flex wp-block-group-is-layout-flex\">\n<figure class=\"wp-block-image size-full is-resized\"><img decoding=\"async\" width=\"500\" height=\"350\" src=\"https:\/\/www.hidrotec.com\/wp-content\/uploads\/2024\/01\/innovacion-saneamiento.webp\" alt=\"innovacio-sanejament\" class=\"wp-image-10846\" style=\"object-fit:contain;width:200px;height:200px\"\/><\/figure>\n\n\n\n<h2 class=\"wp-block-heading\">Projectes R+D+i<\/h2>\n<\/div>\n<\/div>\n\n\n\n<div class=\"wp-block-group hi-side-back is-layout-flow wp-block-group-is-layout-flow\">\n<div class=\"wp-block-group hi-side-content is-layout-flow wp-block-group-is-layout-flow\">\n<div class=\"wp-block-group is-layout-constrained wp-block-group-is-layout-constrained\">\n<p>Hidrotec ha participat en nombrosos projectes impulsats tant per Acci\u00f3 10, ag\u00e8ncia per a la competitivitat de l\u2019empresa de la Generalitat de Catalunya, especialitzada en el foment de la innovaci\u00f3 i la internacionalitzaci\u00f3 empresarial, com per CDTI, entitat p\u00fablica empresarial dependent del Ministeri de Ci\u00e8ncia i Innovaci\u00f3, que promou la innovaci\u00f3 i el desenvolupament tecnol\u00f2gic de les empreses.<\/p>\n<\/div>\n<\/div>\n<\/div>\n<\/div>\n<\/div>\n\n\n\n<div class=\"wp-block-column hi-sides-wrapper is-layout-flow wp-block-column-is-layout-flow\" style=\"flex-basis:50%\">\n<div class=\"wp-block-group hi-sides is-layout-flow wp-block-group-is-layout-flow\">\n<div class=\"wp-block-group hi-side-front hi-icon-position-top is-layout-flow wp-block-group-is-layout-flow\" style=\"padding-top:var(--wp--preset--spacing--70)\">\n<div class=\"wp-block-group hi-side-content is-vertical is-content-justification-stretch is-layout-flex wp-block-group-is-layout-flex\">\n<figure class=\"wp-block-image size-full is-resized has-custom-border\"><img decoding=\"async\" width=\"500\" height=\"350\" src=\"https:\/\/www.hidrotec.com\/wp-content\/uploads\/2024\/01\/cwp.webp\" alt=\"cwp\" class=\"wp-image-10848\" style=\"border-radius:0px;object-fit:contain;width:200px;height:200px\"\/><\/figure>\n\n\n\n<h2 class=\"wp-block-heading\">Catalan Water Partnership<\/h2>\n<\/div>\n<\/div>\n\n\n\n<div class=\"wp-block-group hi-side-back is-layout-flow wp-block-group-is-layout-flow\">\n<div class=\"wp-block-group hi-side-content is-layout-flow wp-block-group-is-layout-flow\">\n<div class=\"wp-block-group is-layout-constrained wp-block-group-is-layout-constrained\">\n<p>Hidrotec forma part del CWP (Catalan Water Partenariat), associaci\u00f3 estrat\u00e8gica catalana sense \u00e0nim de lucre, formada per empreses i centres de coneixement que operen en el sector de l\u2019\u00fas sostenible de l\u2019aigua.<\/p>\n\n\n\n<p>El CWP es troba en el programa Catalonia Cl\u00fasters de la Generalitat de Catalunya, est\u00e0 reconegut com a Agrupaci\u00f3 Empresarial Innovadora (AEI) pel Ministeri d\u2019Ind\u00fastria, Energia i Turisme, participa en el European Water Partenariat i disposa del \u201cGold Label\u201d del European Cl\u00faster Management Excellence.<\/p>\n<\/div>\n<\/div>\n<\/div>\n<\/div>\n<\/div>\n<\/div>\n\n<div class=\"wp-block-group is-layout-constrained wp-block-group-is-layout-constrained\">\n<div class=\"wp-block-columns alignfull hi-justify-center is-layout-flex wp-block-columns-is-layout-flex\">\n<div class=\"wp-block-column is-layout-flow wp-block-column-is-layout-flow\" style=\"flex-basis:608px\">\n<h2 class=\"wp-block-heading has-text-align-center hi-h1\" style=\"margin-top:0;margin-right:0;margin-bottom:0;margin-left:0\">Compromesos amb la <strong>innovaci\u00f3 i la qualitat<\/strong><\/h2>\n\n\n\n<h3 class=\"wp-block-heading has-text-align-center hi-h4\" style=\"margin-top:var(--wp--preset--spacing--30)\">Invertim en sostenibilidad perqu\u00e8 creiem en un futur millor, que respecti el medi ambient i les persones.<\/h3>\n<\/div>\n<\/div>\n\n\n\n<figure class=\"wp-block-image alignwide size-large\"><img decoding=\"async\" width=\"1024\" height=\"394\" src=\"https:\/\/www.hidrotec.com\/wp-content\/uploads\/2023\/11\/innovacion_saneamiento_urbano-1024x394.webp\" alt=\"Innovaci\u00f3 Sanejament Urb\u00e0\" class=\"wp-image-8774\" srcset=\"https:\/\/www.hidrotec.com\/wp-content\/uploads\/2023\/11\/innovacion_saneamiento_urbano-1024x394.webp 1024w, https:\/\/www.hidrotec.com\/wp-content\/uploads\/2023\/11\/innovacion_saneamiento_urbano-600x231.webp 600w, https:\/\/www.hidrotec.com\/wp-content\/uploads\/2023\/11\/innovacion_saneamiento_urbano-768x295.webp 768w, https:\/\/www.hidrotec.com\/wp-content\/uploads\/2023\/11\/innovacion_saneamiento_urbano.webp 1300w\" sizes=\"(max-width: 1024px) 100vw, 1024px\" \/><\/figure>\n<\/div>\n\n<div class=\"wp-block-columns is-layout-flex wp-block-columns-is-layout-flex\">\n<div class=\"wp-block-column is-layout-flow wp-block-column-is-layout-flow\">\n<h3 class=\"wp-block-heading hi-h2\">Departament de R+D+i<\/h3>\n\n\n\n<p>El nostre Departament de R+D+i desenvolupa de manera transversal les diferents iniciatives d\u2019innovaci\u00f3, generades a partir de l\u2019an\u00e0lisi de les necessitats dels nostres clients i empleats. L\u2019objectiu principal \u00e9s l\u2019obtenci\u00f3 de productes i serveis innovadors i sostenibles que s\u2019integrin en el paradigma de l\u2019economia circular i que ajudin a la conservaci\u00f3 de les xarxes de sanejament industrials, urbanes i particulars, en un estat \u00f2ptim de funcionament, aconseguint per tant allargar el temps de vida \u00fatil.<\/p>\n\n\n\n<p>A m\u00e9s d\u2019aquesta innovaci\u00f3 en productes i serveis, es desenvolupa la digitalitzaci\u00f3 dels nostres processos interns per a millorar la seva efici\u00e8ncia i sostenibilitat, amb l\u2019objectiu d\u2019oferir un millor servei als nostres clients.<\/p>\n<\/div>\n\n\n\n<div class=\"wp-block-column is-layout-flow wp-block-column-is-layout-flow\" style=\"flex-basis:50%\">\n<figure class=\"wp-block-image alignright size-full\"><img decoding=\"async\" width=\"440\" height=\"350\" src=\"https:\/\/www.hidrotec.com\/wp-content\/uploads\/2023\/11\/departamento_id.webp\" alt=\"Departament R+D+i\" class=\"wp-image-8770\"\/><\/figure>\n<\/div>\n<\/div>\n\n<div class=\"wp-block-columns is-layout-flex wp-block-columns-is-layout-flex\">\n<div class=\"wp-block-column hi-mobile-item-order-2 is-layout-flow wp-block-column-is-layout-flow\" style=\"flex-basis:50%\">\n<figure class=\"wp-block-image alignleft size-full\"><img decoding=\"async\" width=\"440\" height=\"350\" src=\"https:\/\/www.hidrotec.com\/wp-content\/uploads\/2023\/11\/departamento-innovacion.webp\" alt=\"Departament Innovaci\u00f3\" class=\"wp-image-8772\"\/><\/figure>\n<\/div>\n\n\n\n<div class=\"wp-block-column is-layout-flow wp-block-column-is-layout-flow\">\n<h3 class=\"wp-block-heading hi-h2\">Pyme Innovadora<\/h3>\n\n\n\n<p>Hidrotec disposa des de l\u2019any 2019 del segell Pime Innovadora, atorgat pel Ministeri de Ci\u00e8ncia i Innovaci\u00f3. Aquest certificat representa la nostra recurr\u00e8ncia en esfor\u00e7, inversi\u00f3 i capacitat d\u2019innovaci\u00f3 en el sector del sanejament industrial, urb\u00e0 i particular.<\/p>\n\n\n\n<p>El segell Pime Innovadora avala el nostre comprom\u00eds a garantir la satisfacci\u00f3 dels nostres clients, a trav\u00e9s del desenvolupament de nous productes i serveis personalitzats que donin soluci\u00f3 a les diferents problem\u00e0tiques presents en l\u2019\u00e0mbit del sanejament.<\/p>\n\n\n\n<p>L\u2019any 2017 rebem el Premi al servei m\u00e9s innovador en el 20a Edici\u00f3 del Barcelona Building Construmat. Dos anys m\u00e9s tard, en la 21a Edici\u00f3 del mateix certamen, ens van atorgar un Esment al producte m\u00e9s innovador.<\/p>\n<\/div>\n<\/div>\n\n<div class=\"wp-block-columns is-layout-flex wp-block-columns-is-layout-flex\">\n<div class=\"wp-block-column is-layout-flow wp-block-column-is-layout-flow\">\n<h3 class=\"wp-block-heading hi-h2\">Projectes R+D+i<\/h3>\n\n\n\n<p>El nostre Departament de R+D+i ha desenvolupat de manera continuada projectes d\u2019innovaci\u00f3 centrats en donar soluci\u00f3 a diferents problem\u00e0tiques existents en l\u2019\u00e0mbit del sanejament industrial, urb\u00e0 i particular.<\/p>\n\n\n\n<p>Calen destacar els seg\u00fcents Projectes de Recerca i desenvolupament (PID) vehiculats a trav\u00e9s de l\u2019entitat p\u00fablica CDTI: Desenvolupament d\u2019un nou proc\u00e9s a nivell de metodologia de treball SprayForm amb alt valor afegit (2017); Desenvolupament d\u2019un nou sistema de rehabilitaci\u00f3 interna de pous de registre industrials mitjan\u00e7ant aplicaci\u00f3 automatitzada (2019); Desenvolupament d\u2019un sistema robotitzat en l\u2019\u00e0mbit del clavegueram industrial i urb\u00e0 (2022).<\/p>\n<\/div>\n\n\n\n<div class=\"wp-block-column is-layout-flow wp-block-column-is-layout-flow\" style=\"flex-basis:50%\">\n<figure class=\"wp-block-image alignright size-full\"><img decoding=\"async\" width=\"440\" height=\"547\" src=\"https:\/\/www.hidrotec.com\/wp-content\/uploads\/2023\/11\/proyectos-innovacion.webp\" alt=\"Projectes Innovaci\u00f3\" class=\"wp-image-8776\"\/><\/figure>\n<\/div>\n<\/div>\n\n<div class=\"wp-block-columns is-layout-flex wp-block-columns-is-layout-flex\">\n<div class=\"wp-block-column hi-mobile-item-order-2 is-layout-flow wp-block-column-is-layout-flow\" style=\"flex-basis:50%\">\n<figure class=\"wp-block-image alignleft size-full\"><img decoding=\"async\" width=\"440\" height=\"350\" src=\"https:\/\/www.hidrotec.com\/wp-content\/uploads\/2023\/11\/CWP.webp\" alt=\"CWP\" class=\"wp-image-8768\"\/><\/figure>\n<\/div>\n\n\n\n<div class=\"wp-block-column is-layout-flow wp-block-column-is-layout-flow\">\n<h3 class=\"wp-block-heading hi-h2\">Catalan Water Partnership<\/h3>\n\n\n\n<p>El cl\u00faster de l\u2019aigua est\u00e0 format per diverses organitzacions especialitzades en consultoria, centres de recerca, fabricadores d\u2019equips, enginyeries i altres entitats relacionades amb el cicle de l\u2019aigua i solucions per a l\u2019\u00fas sostenible d\u2019aquest recurs. L\u2019objectiu del cl\u00faster \u00e9s fomentar projectes, establir col\u00b7laboracions i aliances estrat\u00e8giques a nivell internacional, que permetin generar solucions innovadores als reptes i necessitats del sector.<\/p>\n\n\n\n<p>A trav\u00e9s del Catalan Water Partnership (CWP) hem desenvolupat diversos projectes en format consorci, destacant el Projecte AEI INAPDRON Recerca sobre l\u2019aplicaci\u00f3 de drons en la determinaci\u00f3 de l\u2019estat de xarxes i canonades d\u2019aigua crua, potable i residual (2022).<\/p>\n<\/div>\n<\/div>\n\n<div class=\"wp-block-group alignfull is-layout-constrained wp-block-group-is-layout-constrained\">\n<div class=\"wp-block-columns hi-default-content-size is-layout-flex wp-block-columns-is-layout-flex\" style=\"margin-bottom:0\">\n<div class=\"wp-block-column is-layout-flow wp-block-column-is-layout-flow\" style=\"flex-basis:753px\">\n<h2 class=\"wp-block-heading hi-h1\" style=\"margin-top:0;margin-right:0;margin-bottom:0;margin-left:0\">Impulsats per la constant millora i evoluci\u00f3<\/h2>\n\n\n\n<h3 class=\"wp-block-heading hi-h4\" style=\"margin-top:var(--wp--preset--spacing--30)\">Segueix el nostre blog i descobreix les novetats de la nostra empresa.<\/h3>\n<\/div>\n<\/div>\n\n\n\n<div class=\"wp-block-query hi-slider hi-default-content-size is-layout-flow wp-block-query-is-layout-flow\"><\/div>\n\n\n\n<div class=\"wp-block-group hi-default-content-size is-content-justification-left is-layout-constrained wp-block-group-is-layout-constrained\">\n<div class=\"wp-block-buttons is-content-justification-left is-layout-flex wp-block-buttons-is-layout-flex\">\n<div class=\"wp-block-button is-style-outline is-style-outline--1\"><a class=\"wp-block-button__link wp-element-button\" href=\"https:\/\/www.hidrotec.com\/ca\/blog\/\">Llegir totes<\/a><\/div>\n<\/div>\n<\/div>\n<\/div>\n","protected":false},"excerpt":{"rendered":"<p>A Hidrotec busquem constantment solucions innovadores per al manteniment i rehabilitaci\u00f3 de les xarxes de sanejament amb l&#8217;objectiu de fer m\u00e9s sostenible el futur.<\/p>\n","protected":false},"author":1,"featured_media":8760,"parent":9454,"menu_order":11,"comment_status":"closed","ping_status":"closed","template":"templates\/page-full.php","meta":{"_acf_changed":false,"inline_featured_image":false,"footnotes":""},"class_list":["post-9459","page","type-page","status-publish","has-post-thumbnail","hentry"],"acf":[],"_links":{"self":[{"href":"https:\/\/www.hidrotec.com\/ca\/wp-json\/wp\/v2\/pages\/9459","targetHints":{"allow":["GET"]}}],"collection":[{"href":"https:\/\/www.hidrotec.com\/ca\/wp-json\/wp\/v2\/pages"}],"about":[{"href":"https:\/\/www.hidrotec.com\/ca\/wp-json\/wp\/v2\/types\/page"}],"author":[{"embeddable":true,"href":"https:\/\/www.hidrotec.com\/ca\/wp-json\/wp\/v2\/users\/1"}],"replies":[{"embeddable":true,"href":"https:\/\/www.hidrotec.com\/ca\/wp-json\/wp\/v2\/comments?post=9459"}],"version-history":[{"count":0,"href":"https:\/\/www.hidrotec.com\/ca\/wp-json\/wp\/v2\/pages\/9459\/revisions"}],"up":[{"embeddable":true,"href":"https:\/\/www.hidrotec.com\/ca\/wp-json\/wp\/v2\/pages\/9454"}],"wp:featuredmedia":[{"embeddable":true,"href":"https:\/\/www.hidrotec.com\/ca\/wp-json\/wp\/v2\/media\/8760"}],"wp:attachment":[{"href":"https:\/\/www.hidrotec.com\/ca\/wp-json\/wp\/v2\/media?parent=9459"}],"curies":[{"name":"wp","href":"https:\/\/api.w.org\/{rel}","templated":true}]}}